{"id":19543,"date":"2025-02-06T12:35:23","date_gmt":"2025-02-06T10:35:23","guid":{"rendered":"https:\/\/intoconcept.com\/?post_type=product&#038;p=19543"},"modified":"2026-03-12T07:44:00","modified_gmt":"2026-03-12T07:44:00","slug":"mur-detage-bas","status":"publish","type":"product","link":"https:\/\/intoconcept.com\/fr\/produit\/mur-detage-bas\/","title":{"rendered":"STORY WALL LOW"},"content":{"rendered":"<p><strong>STORY WALL LOW<\/strong> est une cloison acoustique polyvalente, mobile et combinable. Gr\u00e2ce \u00e0 sa faible hauteur, il est adapt\u00e9 aux enfants et permet aux adultes d'avoir une vue d\u00e9gag\u00e9e.<\/p>\n<p>Prix :<strong> 1 405 \u20ac<\/strong> (TVA 0 %)<br \/>\nLe fret et l'installation ne sont pas inclus dans le prix.<\/p>\n<p><iframe title=\"Lecteur vid\u00e9o YouTube\" src=\"https:\/\/www.youtube.com\/embed\/P70h5QGUZcI?si=W6bv-IOcYwKUIs9v\" width=\"560\" height=\"315\" frameborder=\"0\" allowfullscreen=\"allowfullscreen\"><\/iframe><\/p>","protected":false},"featured_media":26136,"parent":0,"template":"","meta":{"_acf_changed":false,"_improvement_type_select":"improve_an_existing","_thumb_yes_seoaic":false,"_frame_yes_seoaic":false,"seoaic_generate_description":"","seoaic_improve_instructions_prompt":"","seoaic_rollback_content_improvement":"","seoaic_idea_thumbnail_generator":"","thumbnail_generated":false,"thumbnail_generate_prompt":"","seoaic_article_description":""},"product-category":[23],"class_list":["post-19543","product","type-product","status-publish","has-post-thumbnail","hentry","product-category-tilanjakajat"],"acf":[],"_links":{"self":[{"href":"https:\/\/intoconcept.com\/fr\/wp-json\/wp\/v2\/product\/19543","targetHints":{"allow":["GET"]}}],"collection":[{"href":"https:\/\/intoconcept.com\/fr\/wp-json\/wp\/v2\/product"}],"about":[{"href":"https:\/\/intoconcept.com\/fr\/wp-json\/wp\/v2\/types\/product"}],"wp:featuredmedia":[{"embeddable":true,"href":"https:\/\/intoconcept.com\/fr\/wp-json\/wp\/v2\/media\/26136"}],"wp:attachment":[{"href":"https:\/\/intoconcept.com\/fr\/wp-json\/wp\/v2\/media?parent=19543"}],"wp:term":[{"taxonomy":"product-category","embeddable":true,"href":"https:\/\/intoconcept.com\/fr\/wp-json\/wp\/v2\/product-category?post=19543"}],"curies":[{"name":"wp","href":"https:\/\/api.w.org\/{rel}","templated":true}]}}