{"id":21170,"date":"2025-05-07T12:45:29","date_gmt":"2025-05-07T09:45:29","guid":{"rendered":"https:\/\/intoconcept.com\/?post_type=product&#038;p=21170"},"modified":"2026-04-13T11:56:28","modified_gmt":"2026-04-13T11:56:28","slug":"pod-roll-glass-petit-espace-de-travail-pour-deux","status":"publish","type":"product","link":"https:\/\/intoconcept.com\/fr\/produit\/pod-roll-glass-petit-espace-de-travail-pour-deux\/","title":{"rendered":"POD ROLL GLASS PETIT espace de travail pour deux"},"content":{"rendered":"<p><span style=\"font-size: 1rem;\"><strong>POD ROLL GLASS SMALL<\/strong> <span data-teams=\"true\">Insonorisation de classe A<\/span> espace de travail pour 1 \u00e0 2 personnes pour des r\u00e9unions spontan\u00e9es et un travail ind\u00e9pendant. Il s'agit d'un espace de travail sur roues, qui peut \u00eatre facilement d\u00e9plac\u00e9 et retourn\u00e9 en fonction des besoins de l'espace.\u00a0<\/span><\/p>\n<p>Prix : <strong>12 975<\/strong><strong>\u00a0\u20ac<\/strong>\u00a0-<strong> .<\/strong><strong>\u00a0<\/strong>(TVA 0 %)<br \/>\nLe fret et l'installation ne sont pas inclus dans le prix.<\/p>","protected":false},"featured_media":29471,"parent":0,"template":"","meta":{"_acf_changed":false,"_improvement_type_select":"improve_an_existing","_thumb_yes_seoaic":false,"_frame_yes_seoaic":false,"seoaic_generate_description":"","seoaic_improve_instructions_prompt":"","seoaic_rollback_content_improvement":"","seoaic_idea_thumbnail_generator":"","thumbnail_generated":false,"thumbnail_generate_prompt":"","seoaic_article_description":""},"product-category":[15],"class_list":["post-21170","product","type-product","status-publish","has-post-thumbnail","hentry","product-category-pod-huoneet"],"acf":[],"_links":{"self":[{"href":"https:\/\/intoconcept.com\/fr\/wp-json\/wp\/v2\/product\/21170","targetHints":{"allow":["GET"]}}],"collection":[{"href":"https:\/\/intoconcept.com\/fr\/wp-json\/wp\/v2\/product"}],"about":[{"href":"https:\/\/intoconcept.com\/fr\/wp-json\/wp\/v2\/types\/product"}],"wp:featuredmedia":[{"embeddable":true,"href":"https:\/\/intoconcept.com\/fr\/wp-json\/wp\/v2\/media\/29471"}],"wp:attachment":[{"href":"https:\/\/intoconcept.com\/fr\/wp-json\/wp\/v2\/media?parent=21170"}],"wp:term":[{"taxonomy":"product-category","embeddable":true,"href":"https:\/\/intoconcept.com\/fr\/wp-json\/wp\/v2\/product-category?post=21170"}],"curies":[{"name":"wp","href":"https:\/\/api.w.org\/{rel}","templated":true}]}}