{"id":29877,"date":"2025-12-02T13:17:46","date_gmt":"2025-12-02T13:17:46","guid":{"rendered":"https:\/\/intoconcept.com\/?post_type=product&#038;p=29877"},"modified":"2026-03-12T07:31:36","modified_gmt":"2026-03-12T07:31:36","slug":"top-curve-poyta","status":"publish","type":"product","link":"https:\/\/intoconcept.com\/fr\/produit\/top-curve-poyta\/","title":{"rendered":"Table TOP CURVE"},"content":{"rendered":"<p><strong>COURBE DU HAUT <\/strong>-La table r\u00e9glable en hauteur est une table utilitaire, une table basse et un bureau \u00e0 la fois \u00e9l\u00e9gants et robustes qui permettent un travail ergonomique et flexible. Les bureaux sont disponibles avec des pieds fixes ou r\u00e9glables en hauteur.<\/p>\n<p>Visiter\u00a0<a href=\"https:\/\/intoconcept.com\/fr\/references\/\">\u00e0<\/a>, o\u00f9 le tableau TOP CURVE est utilis\u00e9.<\/p>\n<p>&nbsp;<\/p>\n<p><iframe title=\"Lecteur vid\u00e9o YouTube\" src=\"https:\/\/www.youtube.com\/embed\/6CU-Gc5elpw?si=PzYWrinow_fRtuKH\" width=\"560\" height=\"315\" frameborder=\"0\" allowfullscreen=\"allowfullscreen\"><\/iframe><\/p>","protected":false},"featured_media":29881,"parent":0,"template":"","meta":{"_acf_changed":false,"_improvement_type_select":"improve_an_existing","_thumb_yes_seoaic":false,"_frame_yes_seoaic":false,"seoaic_generate_description":"","seoaic_improve_instructions_prompt":"","seoaic_rollback_content_improvement":"","seoaic_idea_thumbnail_generator":"","thumbnail_generated":false,"thumbnail_generate_prompt":"","seoaic_article_description":""},"product-category":[22],"class_list":["post-29877","product","type-product","status-publish","has-post-thumbnail","hentry","product-category-poydat-tyopisteet"],"acf":[],"_links":{"self":[{"href":"https:\/\/intoconcept.com\/fr\/wp-json\/wp\/v2\/product\/29877","targetHints":{"allow":["GET"]}}],"collection":[{"href":"https:\/\/intoconcept.com\/fr\/wp-json\/wp\/v2\/product"}],"about":[{"href":"https:\/\/intoconcept.com\/fr\/wp-json\/wp\/v2\/types\/product"}],"wp:featuredmedia":[{"embeddable":true,"href":"https:\/\/intoconcept.com\/fr\/wp-json\/wp\/v2\/media\/29881"}],"wp:attachment":[{"href":"https:\/\/intoconcept.com\/fr\/wp-json\/wp\/v2\/media?parent=29877"}],"wp:term":[{"taxonomy":"product-category","embeddable":true,"href":"https:\/\/intoconcept.com\/fr\/wp-json\/wp\/v2\/product-category?post=29877"}],"curies":[{"name":"wp","href":"https:\/\/api.w.org\/{rel}","templated":true}]}}