{"id":30051,"date":"2025-12-15T11:16:13","date_gmt":"2025-12-15T11:16:13","guid":{"rendered":"https:\/\/intoconcept.com\/?post_type=product&#038;p=30051"},"modified":"2026-03-12T07:13:33","modified_gmt":"2026-03-12T07:13:33","slug":"canapes-point-bas","status":"publish","type":"product","link":"https:\/\/intoconcept.com\/fr\/produit\/canapes-point-bas\/","title":{"rendered":"Canap\u00e9s POINT LOW"},"content":{"rendered":"<p><strong>POINT BAS <\/strong>- Les canap\u00e9s ergonomiques sont des solutions d'ameublement flexibles pour les halls d'entr\u00e9e, les espaces de d\u00e9tente et les salles de r\u00e9union. Ils sont fabriqu\u00e9s \u00e0 partir de mat\u00e9riaux durables et leur hauteur d'assise favorise une posture de travail saine. La conception modulaire permet de combiner les canap\u00e9s de diff\u00e9rentes mani\u00e8res. Ils sont \u00e9galement id\u00e9aux pour le mobilier de soins infirmiers.<\/p>\n<p>Visiter\u00a0<a href=\"https:\/\/intoconcept.com\/fr\/reference\/renovation-de-la-boulangerie-dorio\/\">\u00e0<\/a>, qui comprend les canap\u00e9s POINT.<\/p>\n<p>Prix :<strong>\u00a0<\/strong><br \/>\nPOINT LOW S <strong>445 \u20ac<\/strong> (TVA 0%)<br \/>\nPOINT LOW M <strong>530 \u20ac<\/strong> (TVA 0%)<br \/>\nPOINT LOW L <strong>685\u00a0\u20ac<\/strong> (TVA 0%)<br \/>\nPOINT COIN BAS<strong> 670<\/strong>\u00a0<strong>\u20ac<\/strong> (TVA 0%)<br \/>\nCOURBE DE POINTS EN BAS<strong> 820<\/strong>\u00a0<strong>\u20ac<\/strong> (TVA 0%)<br \/>\nCOURBE DE POINTAGE VERS LE BAS<strong> 820\u00a0\u20ac<\/strong> (TVA 0%)<br \/>\nPOINT COIN EXT\u00c9RIEUR BAS GAUCHE<strong> 960<\/strong>\u00a0<strong>\u20ac<\/strong> (TVA 0%)<br \/>\nPOINT COIN EXT\u00c9RIEUR BAS DROITE<strong> 960<\/strong>\u00a0<strong>\u20ac<\/strong> (TVA 0%)<br \/>\nFrais de transport et d'installation non compris<\/p>\n<p><iframe title=\"Lecteur vid\u00e9o YouTube\" src=\"https:\/\/www.youtube.com\/embed\/L-ODMHbOKuE?si=eMXXUOSnHpLE3N5S\" width=\"560\" height=\"315\" frameborder=\"0\" allowfullscreen=\"allowfullscreen\"><\/iframe><\/p>","protected":false},"featured_media":21891,"parent":0,"template":"","meta":{"_acf_changed":false,"_improvement_type_select":"improve_an_existing","_thumb_yes_seoaic":false,"_frame_yes_seoaic":false,"seoaic_generate_description":"","seoaic_improve_instructions_prompt":"","seoaic_rollback_content_improvement":"","seoaic_idea_thumbnail_generator":"","thumbnail_generated":false,"thumbnail_generate_prompt":"","seoaic_article_description":""},"product-category":[21],"class_list":["post-30051","product","type-product","status-publish","has-post-thumbnail","hentry","product-category-istuinkalusteet"],"acf":[],"_links":{"self":[{"href":"https:\/\/intoconcept.com\/fr\/wp-json\/wp\/v2\/product\/30051","targetHints":{"allow":["GET"]}}],"collection":[{"href":"https:\/\/intoconcept.com\/fr\/wp-json\/wp\/v2\/product"}],"about":[{"href":"https:\/\/intoconcept.com\/fr\/wp-json\/wp\/v2\/types\/product"}],"wp:featuredmedia":[{"embeddable":true,"href":"https:\/\/intoconcept.com\/fr\/wp-json\/wp\/v2\/media\/21891"}],"wp:attachment":[{"href":"https:\/\/intoconcept.com\/fr\/wp-json\/wp\/v2\/media?parent=30051"}],"wp:term":[{"taxonomy":"product-category","embeddable":true,"href":"https:\/\/intoconcept.com\/fr\/wp-json\/wp\/v2\/product-category?post=30051"}],"curies":[{"name":"wp","href":"https:\/\/api.w.org\/{rel}","templated":true}]}}