{"id":30052,"date":"2025-12-15T11:25:29","date_gmt":"2025-12-15T11:25:29","guid":{"rendered":"https:\/\/intoconcept.com\/?post_type=product&#038;p=30052"},"modified":"2026-03-12T07:15:59","modified_gmt":"2026-03-12T07:15:59","slug":"canapes-point-high","status":"publish","type":"product","link":"https:\/\/intoconcept.com\/fr\/produit\/canapes-point-high\/","title":{"rendered":"Canap\u00e9s POINT HIGH"},"content":{"rendered":"<p><strong>POINT HIGH <\/strong>- Les canap\u00e9s ergonomiques sont des solutions d'ameublement flexibles pour les halls d'entr\u00e9e, les espaces de d\u00e9tente et les salles de r\u00e9union. Ils sont fabriqu\u00e9s \u00e0 partir de mat\u00e9riaux durables et leur hauteur d'assise favorise une posture de travail saine. La conception modulaire permet de combiner les canap\u00e9s de diff\u00e9rentes mani\u00e8res. Ils sont \u00e9galement id\u00e9aux pour le mobilier de soins infirmiers.<\/p>\n<p>Visiter\u00a0<a href=\"https:\/\/intoconcept.com\/fr\/reference\/ticket-fi-bureau-a-etages\/\">\u00e0<\/a>, qui comprend des canap\u00e9s POINT HIGH.<\/p>\n<p>Prix :<strong>\u00a0<\/strong><br \/>\nPOINT HIGH S <strong>550 \u20ac<\/strong> (TVA 0%)<br \/>\nPOINT HIGH M <strong>705 \u20ac<\/strong> (TVA 0%)<br \/>\nPOINT HIGH L <strong>870 \u20ac<\/strong> (TVA 0%)<br \/>\nPOINT COIN HAUT<strong> 885<\/strong>\u00a0<strong>\u20ac<\/strong> (TVA 0%)<br \/>\nCOURBE DE POINTS EN HAUT<strong> 1000<\/strong>\u00a0<strong>\u20ac<\/strong> (TVA 0%)<br \/>\nCOURBE DE POINTAGE HAUTE<strong> 1000 \u20ac<\/strong> (TVA 0%)<br \/>\nPOINT COIN EXT\u00c9RIEUR HAUT GAUCHE<strong> 1180<\/strong>\u00a0<strong>\u20ac<\/strong> (TVA 0%)<br \/>\nPOINT COIN EXT\u00c9RIEUR HAUT DROITE<strong> 1180<\/strong>\u00a0<strong>\u20ac<\/strong> (TVA 0%)<br \/>\nFrais de transport et d'installation non compris<\/p>\n<p><iframe title=\"Lecteur vid\u00e9o YouTube\" src=\"https:\/\/www.youtube.com\/embed\/L-ODMHbOKuE?si=eMXXUOSnHpLE3N5S\" width=\"560\" height=\"315\" frameborder=\"0\" allowfullscreen=\"allowfullscreen\"><\/iframe><\/p>","protected":false},"featured_media":30055,"parent":0,"template":"","meta":{"_acf_changed":false,"_improvement_type_select":"improve_an_existing","_thumb_yes_seoaic":false,"_frame_yes_seoaic":false,"seoaic_generate_description":"","seoaic_improve_instructions_prompt":"","seoaic_rollback_content_improvement":"","seoaic_idea_thumbnail_generator":"","thumbnail_generated":false,"thumbnail_generate_prompt":"","seoaic_article_description":""},"product-category":[21],"class_list":["post-30052","product","type-product","status-publish","has-post-thumbnail","hentry","product-category-istuinkalusteet"],"acf":[],"_links":{"self":[{"href":"https:\/\/intoconcept.com\/fr\/wp-json\/wp\/v2\/product\/30052","targetHints":{"allow":["GET"]}}],"collection":[{"href":"https:\/\/intoconcept.com\/fr\/wp-json\/wp\/v2\/product"}],"about":[{"href":"https:\/\/intoconcept.com\/fr\/wp-json\/wp\/v2\/types\/product"}],"wp:featuredmedia":[{"embeddable":true,"href":"https:\/\/intoconcept.com\/fr\/wp-json\/wp\/v2\/media\/30055"}],"wp:attachment":[{"href":"https:\/\/intoconcept.com\/fr\/wp-json\/wp\/v2\/media?parent=30052"}],"wp:term":[{"taxonomy":"product-category","embeddable":true,"href":"https:\/\/intoconcept.com\/fr\/wp-json\/wp\/v2\/product-category?post=30052"}],"curies":[{"name":"wp","href":"https:\/\/api.w.org\/{rel}","templated":true}]}}