{"id":32948,"date":"2026-05-15T07:14:26","date_gmt":"2026-05-15T07:14:26","guid":{"rendered":"https:\/\/intoconcept.com\/?page_id=32948"},"modified":"2026-05-15T09:05:00","modified_gmt":"2026-05-15T09:05:00","slug":"vastuullisuus","status":"publish","type":"page","link":"https:\/\/intoconcept.com\/it\/meista\/vastuullisuus\/","title":{"rendered":"Sostenibilit\u00e0"},"content":{"rendered":"\t\t<div data-elementor-type=\"wp-post\" data-elementor-id=\"32948\" class=\"elementor elementor-32948\" data-elementor-post-type=\"page\">\n\t\t\t\t<div class=\"elementor-element elementor-element-162e9886 e-flex e-con-boxed e-con e-parent\" data-id=\"162e9886\" data-element_type=\"container\" data-e-type=\"container\" data-settings=\"{&quot;background_background&quot;:&quot;classic&quot;}\">\n\t\t\t\t\t<div class=\"e-con-inner\">\n\t\t<div class=\"elementor-element elementor-element-44c14888 e-con-full e-flex e-con e-child\" data-id=\"44c14888\" data-element_type=\"container\" data-e-type=\"container\">\n\t\t\t\t<div class=\"elementor-element elementor-element-29d0d3a6 elementor-widget elementor-widget-heading\" data-id=\"29d0d3a6\" data-element_type=\"widget\" data-e-type=\"widget\" data-widget_type=\"heading.default\">\n\t\t\t\t\t<h1 class=\"elementor-heading-title elementor-size-default\">SUUNNITELTU KEST\u00c4M\u00c4\u00c4N AIKAA JA MUUTOSTA<\/h1>\t\t\t\t<\/div>\n\t\t\t\t<div class=\"elementor-element elementor-element-6a15a93 elementor-widget-divider--view-line elementor-widget elementor-widget-divider\" data-id=\"6a15a93\" data-element_type=\"widget\" data-e-type=\"widget\" data-widget_type=\"divider.default\">\n\t\t\t\t\t\t\t<div class=\"elementor-divider\">\n\t\t\t<span class=\"elementor-divider-separator\">\n\t\t\t\t\t\t<\/span>\n\t\t<\/div>\n\t\t\t\t\t\t<\/div>\n\t\t\t\t<div class=\"elementor-element elementor-element-6e8366b elementor-widget elementor-widget-text-editor\" data-id=\"6e8366b\" data-element_type=\"widget\" data-e-type=\"widget\" data-widget_type=\"text-editor.default\">\n\t\t\t\t\t\t\t\t\t<p data-start=\"894\" data-end=\"1038\">Vastuullisuus INTO Conceptilla l\u00e4htee pitk\u00e4ik\u00e4isest\u00e4 suunnittelusta. <br \/>Luomme tilaratkaisuja, jotka kest\u00e4v\u00e4t aikaa, k\u00e4ytt\u00f6\u00e4 ja muuttuvia tarpeita.<\/p><p data-start=\"1040\" data-end=\"1170\">Tuotteidemme muunneltavuus, korjattavuus ja harkitut materiaalivalinnat tukevat kest\u00e4v\u00e4mp\u00e4\u00e4 tilank\u00e4ytt\u00f6\u00e4 ja ihmisten hyvinvointia.<\/p><p data-start=\"1172\" data-end=\"1373\">Vuonna 2025 otimme t\u00e4rke\u00e4n askeleen ilmastoty\u00f6ss\u00e4mme laskemalla Scope 1 ja Scope 2 -p\u00e4\u00e4st\u00f6mme. Seuraavaksi kartoitamme Scope 3 -p\u00e4\u00e4st\u00f6j\u00e4, jotta ymm\u00e4rr\u00e4mme paremmin koko arvoketjumme ilmastovaikutuksia.<\/p>\t\t\t\t\t\t\t\t<\/div>\n\t\t\t\t<div class=\"elementor-element elementor-element-3522ed4 elementor-widget elementor-widget-button\" data-id=\"3522ed4\" data-element_type=\"widget\" data-e-type=\"widget\" data-widget_type=\"button.default\">\n\t\t\t\t\t\t\t\t\t\t<a class=\"elementor-button elementor-button-link elementor-size-sm\" href=\"https:\/\/intoconcept.com\/wp-content\/uploads\/2026\/05\/INTO-Concept-sustainability-report-2025.pdf\">\n\t\t\t\t\t\t<span class=\"elementor-button-content-wrapper\">\n\t\t\t\t\t\t\t\t\t<span class=\"elementor-button-text\">LATAA VASTUULLISUUSRAPORTTI<\/span>\n\t\t\t\t\t<\/span>\n\t\t\t\t\t<\/a>\n\t\t\t\t\t\t\t\t<\/div>\n\t\t\t\t<\/div>\n\t\t\t\t\t<\/div>\n\t\t\t\t<\/div>\n\t\t<div class=\"elementor-element elementor-element-cf1e107 e-flex e-con-boxed e-con e-parent\" data-id=\"cf1e107\" data-element_type=\"container\" data-e-type=\"container\">\n\t\t\t\t\t<div class=\"e-con-inner\">\n\t\t\t\t<div class=\"elementor-element elementor-element-bec275a elementor-widget-divider--view-line elementor-widget elementor-widget-divider\" data-id=\"bec275a\" data-element_type=\"widget\" data-e-type=\"widget\" data-widget_type=\"divider.default\">\n\t\t\t\t\t\t\t<div class=\"elementor-divider\">\n\t\t\t<span class=\"elementor-divider-separator\">\n\t\t\t\t\t\t<\/span>\n\t\t<\/div>\n\t\t\t\t\t\t<\/div>\n\t\t\t\t\t<\/div>\n\t\t\t\t<\/div>\n\t\t<div class=\"elementor-element elementor-element-4222a50 e-flex e-con-boxed e-con e-parent\" data-id=\"4222a50\" data-element_type=\"container\" data-e-type=\"container\">\n\t\t\t\t\t<div class=\"e-con-inner\">\n\t\t<div class=\"elementor-element elementor-element-792bd14 e-con-full e-flex e-con e-child\" data-id=\"792bd14\" data-element_type=\"container\" data-e-type=\"container\">\n\t\t<div class=\"elementor-element elementor-element-f3395bf e-con-full e-flex e-con e-child\" data-id=\"f3395bf\" data-element_type=\"container\" data-e-type=\"container\">\n\t\t<div class=\"elementor-element elementor-element-75efc7b e-con-full e-flex e-con e-child\" data-id=\"75efc7b\" data-element_type=\"container\" data-e-type=\"container\">\n\t\t\t\t<div class=\"elementor-element elementor-element-71d387e elementor-widget elementor-widget-text-editor\" data-id=\"71d387e\" data-element_type=\"widget\" data-e-type=\"widget\" data-widget_type=\"text-editor.default\">\n\t\t\t\t\t\t\t\t\t<h2 class=\"col-title\"><strong data-start=\"94\" data-end=\"121\">Mitattavaa ilmastoty\u00f6t\u00e4<\/strong><\/h2><div class=\"col-content\"><p>Vuonna 2025 otimme t\u00e4rke\u00e4n askeleen ilmastoty\u00f6ss\u00e4mme laskemalla Scope 1 ja Scope 2 -p\u00e4\u00e4st\u00f6mme GHG Protocol -viitekehyksen mukaisesti. Scope 1 -p\u00e4\u00e4st\u00f6j\u00e4 ei raportointivuonna syntynyt, ja k\u00e4ytt\u00e4m\u00e4mme s\u00e4hk\u00f6 on uusiutuvaa sek\u00e4 alkuper\u00e4takuilla varmennettua.<\/p><p data-start=\"2528\" data-end=\"2721\">Seuraavaksi laajennamme p\u00e4\u00e4st\u00f6laskentaa Scope 3 -p\u00e4\u00e4st\u00f6ihin. <br \/>Kartoituksen avulla tunnistamme toimitusketjun, hankintojen, logistiikan ja tuotteiden elinkaaren merkitt\u00e4vimm\u00e4t ilmastovaikutukset.<\/p><\/div>\t\t\t\t\t\t\t\t<\/div>\n\t\t\t\t<div class=\"elementor-element elementor-element-b74dc37 elementor-widget elementor-widget-image\" data-id=\"b74dc37\" data-element_type=\"widget\" data-e-type=\"widget\" data-widget_type=\"image.default\">\n\t\t\t\t\t\t\t\t\t\t\t\t\t\t\t<img fetchpriority=\"high\" decoding=\"async\" width=\"800\" height=\"800\" src=\"https:\/\/intoconcept.com\/wp-content\/uploads\/2026\/05\/scope-12-merkki-1024x1024.png\" class=\"attachment-large size-large wp-image-32969\" alt=\"scope 1&amp;2 laskettu -merkki\" srcset=\"https:\/\/intoconcept.com\/wp-content\/uploads\/2026\/05\/scope-12-merkki-1024x1024.png 1024w, https:\/\/intoconcept.com\/wp-content\/uploads\/2026\/05\/scope-12-merkki-300x300.png 300w, https:\/\/intoconcept.com\/wp-content\/uploads\/2026\/05\/scope-12-merkki-150x150.png 150w, https:\/\/intoconcept.com\/wp-content\/uploads\/2026\/05\/scope-12-merkki-768x768.png 768w, https:\/\/intoconcept.com\/wp-content\/uploads\/2026\/05\/scope-12-merkki-12x12.png 12w, https:\/\/intoconcept.com\/wp-content\/uploads\/2026\/05\/scope-12-merkki.png 1080w\" sizes=\"(max-width: 800px) 100vw, 800px\" \/>\t\t\t\t\t\t\t\t\t\t\t\t\t\t\t<\/div>\n\t\t\t\t<\/div>\n\t\t<div class=\"elementor-element elementor-element-7a3866f e-con-full e-flex e-con e-child\" data-id=\"7a3866f\" data-element_type=\"container\" data-e-type=\"container\">\n\t\t\t\t<div class=\"elementor-element elementor-element-0dbb2a0 elementor-widget elementor-widget-text-editor\" data-id=\"0dbb2a0\" data-element_type=\"widget\" data-e-type=\"widget\" data-widget_type=\"text-editor.default\">\n\t\t\t\t\t\t\t\t\t<h2 class=\"col-title\"><strong data-start=\"3624\" data-end=\"3674\">Harkitut materiaalit tukevat pitk\u00e4\u00e4 elinkaarta<\/strong><\/h2><div class=\"col-content\"><p data-start=\"3703\" data-end=\"3930\">Valitsemme materiaalit kest\u00e4vyyden, turvallisuuden ja pitk\u00e4ik\u00e4isyyden perusteella. <br \/>Kaikki k\u00e4ytt\u00e4m\u00e4mme puu on FSC-sertifioitua, 100% kierr\u00e4tett\u00e4vi\u00e4 ja tuotteissamme k\u00e4ytet\u00e4\u00e4n M1-luokiteltuja materiaaleja tai vastaavia, jotka tukevat terveellisi\u00e4 sis\u00e4ymp\u00e4rist\u00f6j\u00e4.<\/p><p data-start=\"3935\" data-end=\"4092\">Kehit\u00e4mme materiaalivalintojamme jatkuvasti. <span data-teams=\"true\">Tavoitteenamme on, ett\u00e4 vuoden 2026 aikana k\u00e4ytt\u00e4mist\u00e4mme vakiokankaista 70 % on valmistettu kierr\u00e4tetyst\u00e4 materiaalista.<\/span><\/p><p data-start=\"3935\" data-end=\"4092\">\u00a0<\/p><\/div>\t\t\t\t\t\t\t\t<\/div>\n\t\t\t\t<div class=\"elementor-element elementor-element-2ba3239 elementor-widget elementor-widget-image\" data-id=\"2ba3239\" data-element_type=\"widget\" data-e-type=\"widget\" data-widget_type=\"image.default\">\n\t\t\t\t\t\t\t\t\t\t\t\t\t\t\t<img decoding=\"async\" width=\"800\" height=\"647\" src=\"https:\/\/intoconcept.com\/wp-content\/uploads\/2025\/10\/about_us-1024x828.png\" class=\"attachment-large size-large wp-image-28804\" alt=\"vastuulliset materiaalit\" srcset=\"https:\/\/intoconcept.com\/wp-content\/uploads\/2025\/10\/about_us-1024x828.png 1024w, https:\/\/intoconcept.com\/wp-content\/uploads\/2025\/10\/about_us-300x243.png 300w, https:\/\/intoconcept.com\/wp-content\/uploads\/2025\/10\/about_us-768x621.png 768w, https:\/\/intoconcept.com\/wp-content\/uploads\/2025\/10\/about_us-15x12.png 15w, https:\/\/intoconcept.com\/wp-content\/uploads\/2025\/10\/about_us.png 1200w\" sizes=\"(max-width: 800px) 100vw, 800px\" \/>\t\t\t\t\t\t\t\t\t\t\t\t\t\t\t<\/div>\n\t\t\t\t<\/div>\n\t\t\t\t<\/div>\n\t\t\t\t<\/div>\n\t\t\t\t\t<\/div>\n\t\t\t\t<\/div>\n\t\t<div class=\"elementor-element elementor-element-b45ba9f e-con-full e-flex e-con e-child\" data-id=\"b45ba9f\" data-element_type=\"container\" data-e-type=\"container\" data-settings=\"{&quot;background_background&quot;:&quot;classic&quot;}\">\n\t\t<div class=\"elementor-element elementor-element-14bc303 e-con-full e-flex e-con e-child\" data-id=\"14bc303\" data-element_type=\"container\" data-e-type=\"container\">\n\t\t\t\t<\/div>\n\t\t\t\t<\/div>\n\t\t<div class=\"elementor-element elementor-element-1707b26 e-flex e-con-boxed e-con e-parent\" data-id=\"1707b26\" data-element_type=\"container\" data-e-type=\"container\">\n\t\t\t\t\t<div class=\"e-con-inner\">\n\t\t<div class=\"elementor-element elementor-element-c34df07 e-con-full e-flex e-con e-child\" data-id=\"c34df07\" data-element_type=\"container\" data-e-type=\"container\">\n\t\t<div class=\"elementor-element elementor-element-46779d2 e-con-full e-flex e-con e-child\" data-id=\"46779d2\" data-element_type=\"container\" data-e-type=\"container\">\n\t\t<div class=\"elementor-element elementor-element-cb93189 e-con-full e-flex e-con e-child\" data-id=\"cb93189\" data-element_type=\"container\" data-e-type=\"container\">\n\t\t\t\t<div class=\"elementor-element elementor-element-924ee82 elementor-widget elementor-widget-text-editor\" data-id=\"924ee82\" data-element_type=\"widget\" data-e-type=\"widget\" data-widget_type=\"text-editor.default\">\n\t\t\t\t\t\t\t\t\t<h2 class=\"col-title\"><strong data-start=\"94\" data-end=\"121\">Tilat, jotka tukevat ihmisten hyvinvointia<\/strong><\/h2><div class=\"col-content\"><p data-start=\"4735\" data-end=\"4928\">Vastuullisuus tarkoittaa meille my\u00f6s ihmisten hyvinvointia. INTO the Nordic Silence tuoteperheen ratkaisut on suunniteltu tukemaan keskittymist\u00e4, yksityisyytt\u00e4 ja palautumista ty\u00f6- ja oppimisymp\u00e4rist\u00f6iss\u00e4.<\/p><p data-start=\"4933\" data-end=\"5100\">A-luokan akustiikka, rauhallinen muotokieli ja toimivat tilaratkaisut auttavat luomaan ymp\u00e4rist\u00f6j\u00e4, joissa ihmiset voivat ty\u00f6skennell\u00e4, oppia ja kohdata toisensa paremmin.<\/p><p data-start=\"4933\" data-end=\"5100\">\u00a0<\/p><\/div>\t\t\t\t\t\t\t\t<\/div>\n\t\t\t\t<div class=\"elementor-element elementor-element-69db614 elementor-widget elementor-widget-image\" data-id=\"69db614\" data-element_type=\"widget\" data-e-type=\"widget\" data-widget_type=\"image.default\">\n\t\t\t\t\t\t\t\t\t\t\t\t\t\t\t<img decoding=\"async\" width=\"800\" height=\"800\" src=\"https:\/\/intoconcept.com\/wp-content\/uploads\/2026\/05\/4232-1024x1024.png\" class=\"attachment-large size-large wp-image-33026\" alt=\"INTO Conceptin kalusteet referenssikohteessa\" srcset=\"https:\/\/intoconcept.com\/wp-content\/uploads\/2026\/05\/4232-1024x1024.png 1024w, https:\/\/intoconcept.com\/wp-content\/uploads\/2026\/05\/4232-300x300.png 300w, https:\/\/intoconcept.com\/wp-content\/uploads\/2026\/05\/4232-150x150.png 150w, https:\/\/intoconcept.com\/wp-content\/uploads\/2026\/05\/4232-768x768.png 768w, https:\/\/intoconcept.com\/wp-content\/uploads\/2026\/05\/4232-12x12.png 12w, https:\/\/intoconcept.com\/wp-content\/uploads\/2026\/05\/4232.png 1080w\" sizes=\"(max-width: 800px) 100vw, 800px\" \/>\t\t\t\t\t\t\t\t\t\t\t\t\t\t\t<\/div>\n\t\t\t\t<\/div>\n\t\t<div class=\"elementor-element elementor-element-3a7be6c e-con-full e-flex e-con e-child\" data-id=\"3a7be6c\" data-element_type=\"container\" data-e-type=\"container\">\n\t\t\t\t<div class=\"elementor-element elementor-element-7f7ae25 elementor-widget elementor-widget-text-editor\" data-id=\"7f7ae25\" data-element_type=\"widget\" data-e-type=\"widget\" data-widget_type=\"text-editor.default\">\n\t\t\t\t\t\t\t\t\t<h2 class=\"col-title\"><strong data-start=\"5698\" data-end=\"5738\">Jatkuvaa kehityst\u00e4 koko arvoketjussa<\/strong><\/h2><div class=\"col-content\"><div class=\"relative w-full overflow-visible\"><section class=\"text-token-text-primary w-full focus:outline-none has-data-writing-block:pointer-events-none [&amp;:has([data-writing-block])&gt;*]:pointer-events-auto [content-visibility:auto] supports-[content-visibility:auto]:[contain-intrinsic-size:auto_100lvh] R6Vx5W_threadScrollVars scroll-mb-[calc(var(--scroll-root-safe-area-inset-bottom,0px)+var(--thread-response-height))] scroll-mt-[calc(var(--header-height)+min(200px,max(70px,20svh)))]\" dir=\"auto\" data-turn-id=\"request-WEB:f5c0cbe3-e642-46ec-85af-f8c8d3ea140a-5\" data-turn-id-container=\"request-WEB:f5c0cbe3-e642-46ec-85af-f8c8d3ea140a-5\" data-testid=\"conversation-turn-12\" data-scroll-anchor=\"false\" data-turn=\"assistant\"><div class=\"text-base my-auto mx-auto pb-10 [--thread-content-margin:var(--thread-content-margin-xs,calc(var(--spacing)*4))] @w-sm\/main:[--thread-content-margin:var(--thread-content-margin-sm,calc(var(--spacing)*6))] @w-lg\/main:[--thread-content-margin:var(--thread-content-margin-lg,calc(var(--spacing)*16))] px-(--thread-content-margin)\"><div class=\"[--thread-content-max-width:40rem] @w-lg\/main:[--thread-content-max-width:48rem] mx-auto max-w-(--thread-content-max-width) flex-1 group\/turn-messages focus-visible:outline-hidden relative flex w-full min-w-0 flex-col agent-turn\"><div class=\"flex max-w-full flex-col gap-4 grow\"><div class=\"min-h-8 text-message relative flex w-full flex-col items-end gap-2 text-start break-words whitespace-normal outline-none keyboard-focused:focus-ring [.text-message+&amp;]:mt-1\" dir=\"auto\" tabindex=\"0\" data-message-author-role=\"assistant\" data-message-id=\"ff529286-4a05-4b73-8bef-6d4e52da70a2\" data-message-model-slug=\"gpt-5-5-thinking\" data-turn-start-message=\"true\"><div class=\"flex w-full flex-col gap-1 empty:hidden\"><div class=\"markdown prose dark:prose-invert wrap-break-word w-full light markdown-new-styling\"><div class=\"relative w-full overflow-visible\"><section class=\"text-token-text-primary w-full focus:outline-none has-data-writing-block:pointer-events-none [&amp;:has([data-writing-block])&gt;*]:pointer-events-auto [content-visibility:auto] supports-[content-visibility:auto]:[contain-intrinsic-size:auto_100lvh] R6Vx5W_threadScrollVars scroll-mb-[calc(var(--scroll-root-safe-area-inset-bottom,0px)+var(--thread-response-height))] scroll-mt-[calc(var(--header-height)+min(200px,max(70px,20svh)))]\" dir=\"auto\" data-turn-id=\"request-WEB:f5c0cbe3-e642-46ec-85af-f8c8d3ea140a-4\" data-turn-id-container=\"request-WEB:f5c0cbe3-e642-46ec-85af-f8c8d3ea140a-4\" data-testid=\"conversation-turn-10\" data-scroll-anchor=\"false\" data-turn=\"assistant\"><div class=\"text-base my-auto mx-auto [--thread-content-margin:var(--thread-content-margin-xs,calc(var(--spacing)*4))] @w-sm\/main:[--thread-content-margin:var(--thread-content-margin-sm,calc(var(--spacing)*6))] @w-lg\/main:[--thread-content-margin:var(--thread-content-margin-lg,calc(var(--spacing)*16))] px-(--thread-content-margin)\"><div class=\"[--thread-content-max-width:40rem] @w-lg\/main:[--thread-content-max-width:48rem] mx-auto max-w-(--thread-content-max-width) flex-1 group\/turn-messages focus-visible:outline-hidden relative flex w-full min-w-0 flex-col agent-turn\"><div class=\"flex max-w-full flex-col gap-4 grow\"><div class=\"min-h-8 text-message relative flex w-full flex-col items-end gap-2 text-start break-words whitespace-normal outline-none keyboard-focused:focus-ring [.text-message+&amp;]:mt-1\" dir=\"auto\" data-message-author-role=\"assistant\" data-message-id=\"5b5c6f5d-b635-45dd-aee5-f18eb6c9137d\" data-message-model-slug=\"gpt-5-5-thinking\"><div class=\"flex w-full flex-col gap-1 empty:hidden\"><div class=\"markdown prose dark:prose-invert wrap-break-word w-full light markdown-new-styling\"><p data-start=\"0\" data-end=\"229\">Vastuullisuusty\u00f6mme kehittyy vaiheittain yhdess\u00e4 asiakkaiden, toimittajien ja kumppaneiden kanssa. Suosimme EU-alueen toimittajia ja pitk\u00e4aikaisia kumppanuuksia sek\u00e4 edellyt\u00e4mme heilt\u00e4 vastuullisia toimintatapoja.<\/p><p data-start=\"231\" data-end=\"423\" data-is-last-node=\"\" data-is-only-node=\"\">Seuraavaksi keskitymme Scope 3 -p\u00e4\u00e4st\u00f6jen kartoittamiseen, kierr\u00e4tettyjen ja sertifioitujen materiaalien lis\u00e4\u00e4miseen sek\u00e4 pakkausmateriaalien v\u00e4hent\u00e4miseen.<\/p><\/div><\/div><\/div><\/div><\/div><\/div><\/section><\/div><\/div><\/div><\/div><\/div><\/div><\/div><\/section><\/div><\/div>\t\t\t\t\t\t\t\t<\/div>\n\t\t\t\t<div class=\"elementor-element elementor-element-a003714 elementor-widget elementor-widget-image\" data-id=\"a003714\" data-element_type=\"widget\" data-e-type=\"widget\" data-widget_type=\"image.default\">\n\t\t\t\t\t\t\t\t\t\t\t\t\t\t\t<img loading=\"lazy\" decoding=\"async\" width=\"800\" height=\"800\" src=\"https:\/\/intoconcept.com\/wp-content\/uploads\/2026\/05\/toimitusketjukaavio.png\" class=\"attachment-large size-large wp-image-33030\" alt=\"INTO Concept toimitusketjukaavio\" \/>\t\t\t\t\t\t\t\t\t\t\t\t\t\t\t<\/div>\n\t\t\t\t<\/div>\n\t\t\t\t<\/div>\n\t\t\t\t<\/div>\n\t\t\t\t<div class=\"elementor-element elementor-element-d9c8812 elementor-widget-divider--view-line elementor-widget elementor-widget-divider\" data-id=\"d9c8812\" data-element_type=\"widget\" data-e-type=\"widget\" data-widget_type=\"divider.default\">\n\t\t\t\t\t\t\t<div class=\"elementor-divider\">\n\t\t\t<span class=\"elementor-divider-separator\">\n\t\t\t\t\t\t<\/span>\n\t\t<\/div>\n\t\t\t\t\t\t<\/div>\n\t\t\t\t\t<\/div>\n\t\t\t\t<\/div>\n\t\t\t\t<\/div>\n\t\t","protected":false},"excerpt":{"rendered":"<p>SUUNNITELTU KEST\u00c4M\u00c4\u00c4N AIKAA JA MUUTOSTA Vastuullisuus INTO Conceptilla l\u00e4htee pitk\u00e4ik\u00e4isest\u00e4 suunnittelusta. Luomme tilaratkaisuja, jotka kest\u00e4v\u00e4t aikaa, k\u00e4ytt\u00f6\u00e4 ja muuttuvia tarpeita. Tuotteidemme muunneltavuus, korjattavuus ja harkitut materiaalivalinnat tukevat kest\u00e4v\u00e4mp\u00e4\u00e4 tilank\u00e4ytt\u00f6\u00e4 ja ihmisten hyvinvointia. Vuonna 2025 otimme t\u00e4rke\u00e4n askeleen ilmastoty\u00f6ss\u00e4mme laskemalla Scope 1 ja Scope 2 -p\u00e4\u00e4st\u00f6mme. Seuraavaksi kartoitamme Scope 3 -p\u00e4\u00e4st\u00f6j\u00e4, jotta ymm\u00e4rr\u00e4mme paremmin koko arvoketjumme [&hellip;]<\/p>\n","protected":false},"author":5,"featured_media":32949,"parent":27476,"menu_order":2,"comment_status":"closed","ping_status":"closed","template":"","meta":{"_acf_changed":false,"footnotes":""},"class_list":["post-32948","page","type-page","status-publish","has-post-thumbnail","hentry"],"acf":[],"_links":{"self":[{"href":"https:\/\/intoconcept.com\/it\/wp-json\/wp\/v2\/pages\/32948","targetHints":{"allow":["GET"]}}],"collection":[{"href":"https:\/\/intoconcept.com\/it\/wp-json\/wp\/v2\/pages"}],"about":[{"href":"https:\/\/intoconcept.com\/it\/wp-json\/wp\/v2\/types\/page"}],"author":[{"embeddable":true,"href":"https:\/\/intoconcept.com\/it\/wp-json\/wp\/v2\/users\/5"}],"replies":[{"embeddable":true,"href":"https:\/\/intoconcept.com\/it\/wp-json\/wp\/v2\/comments?post=32948"}],"version-history":[{"count":114,"href":"https:\/\/intoconcept.com\/it\/wp-json\/wp\/v2\/pages\/32948\/revisions"}],"predecessor-version":[{"id":33075,"href":"https:\/\/intoconcept.com\/it\/wp-json\/wp\/v2\/pages\/32948\/revisions\/33075"}],"up":[{"embeddable":true,"href":"https:\/\/intoconcept.com\/it\/wp-json\/wp\/v2\/pages\/27476"}],"wp:featuredmedia":[{"embeddable":true,"href":"https:\/\/intoconcept.com\/it\/wp-json\/wp\/v2\/media\/32949"}],"wp:attachment":[{"href":"https:\/\/intoconcept.com\/it\/wp-json\/wp\/v2\/media?parent=32948"}],"curies":[{"name":"wp","href":"https:\/\/api.w.org\/{rel}","templated":true}]}}