{"id":1599,"date":"2018-09-04T14:09:15","date_gmt":"2018-09-04T11:09:15","guid":{"rendered":"https:\/\/intoconcept.com\/?post_type=product&#038;p=1599"},"modified":"2026-03-11T11:57:18","modified_gmt":"2026-03-11T11:57:18","slug":"modalita-pod-roll-con-pyorilla","status":"publish","type":"product","link":"https:\/\/intoconcept.com\/it\/product\/pod-roll-tyotila-pyorilla\/","title":{"rendered":"Spazio di discussione e lavoro POD ROLL"},"content":{"rendered":"<p><strong>ROTOLO DI POD<\/strong> \u00e8 uno spazio di lavoro acustico per 2-4 persone per riunioni spontanee, lavoro indipendente e pause. \u00c8 uno spazio di lavoro su ruote, che pu\u00f2 essere facilmente spostato e ruotato in base alle esigenze di spazio.<\/p>\n<p>Visita\u00a0<a href=\"https:\/\/intoconcept.com\/it\/riferimento\/telia-paakonttori\/\">a<\/a>, dove \u00e8 in uso il POD ROLL.<\/p>\n<p>Prezzo: <strong>13 135 \u20ac<\/strong> o <strong>448 \u20ac\/mese<\/strong><strong>\u00a0<\/strong>(IVA 0 %)<br \/>\nIl trasporto e l'installazione non sono inclusi nel prezzo.<\/p>\n<p>&nbsp;<\/p>","protected":false},"featured_media":16354,"parent":0,"template":"","meta":{"_acf_changed":false,"_improvement_type_select":"improve_an_existing","_thumb_yes_seoaic":false,"_frame_yes_seoaic":false,"seoaic_generate_description":"","seoaic_improve_instructions_prompt":"","seoaic_rollback_content_improvement":"","seoaic_idea_thumbnail_generator":"","thumbnail_generated":false,"thumbnail_generate_prompt":"","seoaic_article_description":""},"product-category":[15],"class_list":["post-1599","product","type-product","status-publish","has-post-thumbnail","hentry","product-category-pod-huoneet"],"acf":[],"_links":{"self":[{"href":"https:\/\/intoconcept.com\/it\/wp-json\/wp\/v2\/product\/1599","targetHints":{"allow":["GET"]}}],"collection":[{"href":"https:\/\/intoconcept.com\/it\/wp-json\/wp\/v2\/product"}],"about":[{"href":"https:\/\/intoconcept.com\/it\/wp-json\/wp\/v2\/types\/product"}],"wp:featuredmedia":[{"embeddable":true,"href":"https:\/\/intoconcept.com\/it\/wp-json\/wp\/v2\/media\/16354"}],"wp:attachment":[{"href":"https:\/\/intoconcept.com\/it\/wp-json\/wp\/v2\/media?parent=1599"}],"wp:term":[{"taxonomy":"product-category","embeddable":true,"href":"https:\/\/intoconcept.com\/it\/wp-json\/wp\/v2\/product-category?post=1599"}],"curies":[{"name":"wp","href":"https:\/\/api.w.org\/{rel}","templated":true}]}}