{"id":27249,"date":"2025-09-08T07:19:51","date_gmt":"2025-09-08T07:19:51","guid":{"rendered":"https:\/\/intoconcept.com\/?page_id=27249"},"modified":"2026-04-15T09:41:47","modified_gmt":"2026-04-15T09:41:47","slug":"%e5%8c%97%e6%ac%a7%e3%81%ae%e9%9d%99%e5%af%82%e3%81%ae%e4%b8%ad%e3%81%b8","status":"publish","type":"page","link":"https:\/\/intoconcept.com\/ja\/%e5%8c%97%e6%ac%a7%e3%81%ae%e9%9d%99%e5%af%82%e3%81%ae%e4%b8%ad%e3%81%b8\/","title":{"rendered":"\u5317\u6b27\u306e\u9759\u5bc2\u306e\u4e2d\u3078"},"content":{"rendered":"<div data-elementor-type=\"wp-page\" data-elementor-id=\"27249\" class=\"elementor elementor-27249\" data-elementor-post-type=\"page\">\n\t\t\t\t<div class=\"elementor-element elementor-element-4e9ab4c e-flex e-con-boxed e-con e-parent\" data-id=\"4e9ab4c\" data-element_type=\"container\" data-e-type=\"container\" data-settings=\"{&quot;background_background&quot;:&quot;classic&quot;}\">\n\t\t\t\t\t<div class=\"e-con-inner\">\n\t\t<div class=\"elementor-element elementor-element-fa4e9c2 e-con-full e-flex e-con e-child\" data-id=\"fa4e9c2\" data-element_type=\"container\" data-e-type=\"container\">\n\t\t\t\t<div class=\"elementor-element elementor-element-cf2e30f elementor-widget elementor-widget-heading\" data-id=\"cf2e30f\" data-element_type=\"widget\" data-e-type=\"widget\" data-widget_type=\"heading.default\">\n\t\t\t\t\t<h1 class=\"elementor-heading-title elementor-size-default\">\u5317\u6b27\u306e\u9759\u5bc2\u306e\u4e2d\u3078<\/h1>\t\t\t\t<\/div>\n\t\t\t\t<div class=\"elementor-element elementor-element-c33c85e elementor-widget-divider--view-line elementor-widget elementor-widget-divider\" data-id=\"c33c85e\" data-element_type=\"widget\" data-e-type=\"widget\" data-widget_type=\"divider.default\">\n\t\t\t\t\t\t\t<div class=\"elementor-divider\">\n\t\t\t<span class=\"elementor-divider-separator\">\n\t\t\t\t\t\t<\/span>\n\t\t<\/div>\n\t\t\t\t\t\t<\/div>\n\t\t\t\t<div class=\"elementor-element elementor-element-6752dad elementor-widget elementor-widget-text-editor\" data-id=\"6752dad\" data-element_type=\"widget\" data-e-type=\"widget\" data-widget_type=\"text-editor.default\">\n\t\t\t\t\t\t\t\t\t<p><span class=\"\" data-olk-copy-source=\"MessageBody\">\u5317\u6b27\u306e\u9759\u5bc2\u306e\u4e2d\u3078<\/span>\u30e2\u30b8\u30e5\u30fc\u30eb\u5f0fPOD\u3001\u591a\u6a5f\u80fd\u30eb\u30fc\u30e0\u30c7\u30a3\u30d0\u30a4\u30c0\u30fc\u3001\u4eba\u9593\u5de5\u5b66\u306b\u57fa\u3065\u3044\u305f\u30b7\u30fc\u30c6\u30a3\u30f3\u30b0\u3001\u30c6\u30fc\u30d6\u30eb\uff06\u30ef\u30fc\u30af\u30b9\u30c6\u30fc\u30b7\u30e7\u30f3\u304b\u3089\u69cb\u6210\u3055\u308c\u3066\u3044\u307e\u3059\u3002. <span data-olk-copy-source=\"MessageBody\">\u5f53\u793e\u306e\u88fd\u54c1\u306f\u3059\u3079\u3066\u3001\u30b7\u30fc\u30e0\u30ec\u30b9\u306a\u4e92\u63db\u6027\u3068\u9069\u5fdc\u6027\u3092\u5099\u3048\u3001\u3055\u307e\u3056\u307e\u306a\u30ef\u30fc\u30af\u30b9\u30da\u30fc\u30b9\u306b\u7c21\u5358\u306b\u7d71\u5408\u3067\u304d\u308b\u3088\u3046\u306b\u8a2d\u8a08\u3055\u308c\u3066\u3044\u307e\u3059\u3002.<\/span><\/p>\t\t\t\t\t\t\t\t<\/div>\n\t\t\t\t<div class=\"elementor-element elementor-element-3eafc93 elementor-widget elementor-widget-button\" data-id=\"3eafc93\" data-element_type=\"widget\" data-e-type=\"widget\" data-settings=\"{&quot;enabled_visibility&quot;:&quot;yes&quot;,&quot;dce_visibility_selected&quot;:&quot;yes&quot;}\" data-widget_type=\"button.default\">\n\t\t\t\t\t\t\t\t\t\t<a class=\"elementor-button elementor-button-link elementor-size-sm\" href=\"https:\/\/intoconcept.com\/ja\/download\/24394\/?tmstv=1756794213\">\n\t\t\t\t\t\t<span class=\"elementor-button-content-wrapper\">\n\t\t\t\t\t\t\t\t\t<span class=\"elementor-button-text\">\u30d1\u30f3\u30d5\u30ec\u30c3\u30c8\u3092\u30c0\u30a6\u30f3\u30ed\u30fc\u30c9(PDF)<\/span>\n\t\t\t\t\t<\/span>\n\t\t\t\t\t<\/a>\n\t\t\t\t\t\t\t\t<\/div>\n\t\t\t\t<\/div>\n\t\t\t\t\t<\/div>\n\t\t\t\t<\/div>\n\t\t<div class=\"elementor-element elementor-element-0f6cd2c e-flex e-con-boxed e-con e-parent\" data-id=\"0f6cd2c\" data-element_type=\"container\" data-e-type=\"container\">\n\t\t\t\t\t<div class=\"e-con-inner\">\n\t\t<div class=\"elementor-element elementor-element-5eed50c e-grid e-con-full e-con e-child\" data-id=\"5eed50c\" data-element_type=\"container\" data-e-type=\"container\">\n\t\t<a class=\"elementor-element elementor-element-d2bf512 e-con-full e-flex e-con e-child\" data-id=\"d2bf512\" data-element_type=\"container\" data-e-type=\"container\" href=\"\/ja\/%e5%95%86%e5%93%81%e3%82%ab%e3%83%86%e3%82%b4%e3%83%aa%e3%83%bc\/%e3%83%9d%e3%83%83%e3%83%89%e3%83%ab%e3%83%bc%e3%83%a0\/\">\n\t\t<div class=\"elementor-element elementor-element-ba8126e e-con-full e-flex e-con e-child\" data-id=\"ba8126e\" data-element_type=\"container\" data-e-type=\"container\" data-settings=\"{&quot;background_background&quot;:&quot;classic&quot;}\">\n\t\t\t\t<\/div>\n\t\t<div class=\"elementor-element elementor-element-72d36e0 e-con-full e-flex e-con e-child\" data-id=\"72d36e0\" data-element_type=\"container\" data-e-type=\"container\">\n\t\t\t\t<div class=\"elementor-element elementor-element-7278ad8 elementor-widget elementor-widget-heading\" data-id=\"7278ad8\" data-element_type=\"widget\" data-e-type=\"widget\" data-widget_type=\"heading.default\">\n\t\t\t\t\t<h2 class=\"elementor-heading-title elementor-size-default\">POD\u30eb\u30fc\u30e0<\/h2>\t\t\t\t<\/div>\n\t\t\t\t<div class=\"elementor-element elementor-element-0c812d6 elementor-widget elementor-widget-text-editor\" data-id=\"0c812d6\" data-element_type=\"widget\" data-e-type=\"widget\" data-widget_type=\"text-editor.default\">\n\t\t\t\t\t\t\t\t\t<p>\u5f53\u793e\u306ePOD\u30eb\u30fc\u30e0\u306f\u3001\u30aa\u30fc\u30d7\u30f3\u30b9\u30da\u30fc\u30b9\u3067\u306e\u4f5c\u696d\u52b9\u7387\u3068\u5feb\u9069\u6027\u3092\u5411\u4e0a\u3055\u305b\u307e\u3059\u3002\u4f1a\u8b70\u3084\u96c6\u4e2d\u529b\u3092\u5fc5\u8981\u3068\u3059\u308b\u4f5c\u696d\u306b\u9632\u97f3\u3068\u8996\u899a\u7684\u306a\u4fdd\u8b77\u3092\u63d0\u4f9b\u3057\u3001\u843d\u3061\u7740\u3044\u305f\u96f0\u56f2\u6c17\u3092\u4f5c\u308a\u51fa\u3057\u307e\u3059\u3002.<\/p>\t\t\t\t\t\t\t\t<\/div>\n\t\t\t\t<\/div>\n\t\t\t\t<div class=\"elementor-element elementor-element-8bf827e elementor-position-inline-end elementor-widget__width-initial elementor-mobile-position-inline-start elementor-view-default elementor-widget elementor-widget-icon-box\" data-id=\"8bf827e\" data-element_type=\"widget\" data-e-type=\"widget\" data-widget_type=\"icon-box.default\">\n\t\t\t\t\t\t\t<div class=\"elementor-icon-box-wrapper\">\n\n\t\t\t\t\t\t<div class=\"elementor-icon-box-icon\">\n\t\t\t\t<span  class=\"elementor-icon\">\n\t\t\t\t<svg aria-hidden=\"true\" class=\"e-font-icon-svg e-fas-chevron-right\" viewbox=\"0 0 320 512\" xmlns=\"http:\/\/www.w3.org\/2000\/svg\"><path d=\"M285.476 272.971L91.132 467.314c-9.373 9.373-24.569 9.373-33.941 0l-22.667-22.667c-9.357-9.357-9.375-24.522-.04-33.901L188.505 256 34.484 101.255c-9.335-9.379-9.317-24.544.04-33.901l22.667-22.667c9.373-9.373 24.569-9.373 33.941 0L285.475 239.03c9.373 9.372 9.373 24.568.001 33.941z\"><\/path><\/svg>\t\t\t\t<\/span>\n\t\t\t<\/div>\n\t\t\t\n\t\t\t\t\t\t<div class=\"elementor-icon-box-content\">\n\n\t\t\t\t\t\t\t\t\t<span class=\"elementor-icon-box-title\">\n\t\t\t\t\t\t<span  >\n\t\t\t\t\t\t\t\u3082\u3063\u3068\u8aad\u3080    \t\t\t\t\t\t<\/span>\n\t\t\t\t\t<\/span>\n\t\t\t\t\n\t\t\t\t\n\t\t\t<\/div>\n\t\t\t\n\t\t<\/div>\n\t\t\t\t\t\t<\/div>\n\t\t\t\t<\/a>\n\t\t<a class=\"elementor-element elementor-element-9923444 e-con-full e-flex e-con e-child\" data-id=\"9923444\" data-element_type=\"container\" data-e-type=\"container\" href=\"\/ja\/%e5%95%86%e5%93%81%e3%82%ab%e3%83%86%e3%82%b4%e3%83%aa%e3%83%bc\/%e5%ba%a7%e5%b8%ad%e5%ae%b6%e5%85%b7\/\">\n\t\t<div class=\"elementor-element elementor-element-0e34754 e-con-full e-flex e-con e-child\" data-id=\"0e34754\" data-element_type=\"container\" data-e-type=\"container\" data-settings=\"{&quot;background_background&quot;:&quot;classic&quot;}\">\n\t\t\t\t<\/div>\n\t\t<div class=\"elementor-element elementor-element-0bd7af3 e-con-full e-flex e-con e-child\" data-id=\"0bd7af3\" data-element_type=\"container\" data-e-type=\"container\">\n\t\t\t\t<div class=\"elementor-element elementor-element-ab96235 elementor-widget elementor-widget-heading\" data-id=\"ab96235\" data-element_type=\"widget\" data-e-type=\"widget\" data-widget_type=\"heading.default\">\n\t\t\t\t\t<h2 class=\"elementor-heading-title elementor-size-default\">\u5ea7\u5e2d<\/h2>\t\t\t\t<\/div>\n\t\t\t\t<div class=\"elementor-element elementor-element-7b76edb elementor-widget elementor-widget-text-editor\" data-id=\"7b76edb\" data-element_type=\"widget\" data-e-type=\"widget\" data-widget_type=\"text-editor.default\">\n\t\t\t\t\t\t\t\t\t<p>\u5f53\u793e\u306e\u30b7\u30fc\u30c6\u30a3\u30f3\u30b0\u306f\u3001\u4eba\u9593\u5de5\u5b66\u306b\u57fa\u3065\u3044\u305f\u5feb\u9069\u306a\u74b0\u5883\u3092\u3064\u304f\u308a\u307e\u3059\u3002\u30aa\u30fc\u30d7\u30f3\u30b9\u30da\u30fc\u30b9\u3084\u30bb\u30df\u30aa\u30fc\u30d7\u30f3\u30b9\u30da\u30fc\u30b9\u3067\u306e\u30b3\u30e9\u30dc\u30ec\u30fc\u30b7\u30e7\u30f3\u3084\u30b3\u30df\u30e5\u30cb\u30b1\u30fc\u30b7\u30e7\u30f3\u3092\u30b5\u30dd\u30fc\u30c8\u3057\u3001\u4ed5\u4e8b\u3084\u5b66\u7fd2\u74b0\u5883\u306b\u9069\u3057\u3066\u3044\u307e\u3059\u3002.<\/p>\t\t\t\t\t\t\t\t<\/div>\n\t\t\t\t<\/div>\n\t\t\t\t<div class=\"elementor-element elementor-element-ca2e903 elementor-position-inline-end elementor-widget__width-initial elementor-mobile-position-inline-start elementor-view-default elementor-widget elementor-widget-icon-box\" data-id=\"ca2e903\" data-element_type=\"widget\" data-e-type=\"widget\" data-widget_type=\"icon-box.default\">\n\t\t\t\t\t\t\t<div class=\"elementor-icon-box-wrapper\">\n\n\t\t\t\t\t\t<div class=\"elementor-icon-box-icon\">\n\t\t\t\t<span  class=\"elementor-icon\">\n\t\t\t\t<svg aria-hidden=\"true\" class=\"e-font-icon-svg e-fas-chevron-right\" viewbox=\"0 0 320 512\" xmlns=\"http:\/\/www.w3.org\/2000\/svg\"><path d=\"M285.476 272.971L91.132 467.314c-9.373 9.373-24.569 9.373-33.941 0l-22.667-22.667c-9.357-9.357-9.375-24.522-.04-33.901L188.505 256 34.484 101.255c-9.335-9.379-9.317-24.544.04-33.901l22.667-22.667c9.373-9.373 24.569-9.373 33.941 0L285.475 239.03c9.373 9.372 9.373 24.568.001 33.941z\"><\/path><\/svg>\t\t\t\t<\/span>\n\t\t\t<\/div>\n\t\t\t\n\t\t\t\t\t\t<div class=\"elementor-icon-box-content\">\n\n\t\t\t\t\t\t\t\t\t<span class=\"elementor-icon-box-title\">\n\t\t\t\t\t\t<span  >\n\t\t\t\t\t\t\t\u3082\u3063\u3068\u8aad\u3080\t\t\t\t\t\t<\/span>\n\t\t\t\t\t<\/span>\n\t\t\t\t\n\t\t\t\t\n\t\t\t<\/div>\n\t\t\t\n\t\t<\/div>\n\t\t\t\t\t\t<\/div>\n\t\t\t\t<\/a>\n\t\t<a class=\"elementor-element elementor-element-77b6fcc e-con-full e-flex e-con e-child\" data-id=\"77b6fcc\" data-element_type=\"container\" data-e-type=\"container\" href=\"\/ja\/%e5%95%86%e5%93%81%e3%82%ab%e3%83%86%e3%82%b4%e3%83%aa%e3%83%bc\/%e3%83%9d%e3%82%a4%e3%83%80%e3%83%83%e3%83%88%e3%83%bb%e3%82%bf%e3%82%a4%e3%82%aa%e3%83%97%e3%83%b3%e3%82%af%e3%83%86\/\">\n\t\t<div class=\"elementor-element elementor-element-edcc0d3 e-con-full e-flex e-con e-child\" data-id=\"edcc0d3\" data-element_type=\"container\" data-e-type=\"container\" data-settings=\"{&quot;background_background&quot;:&quot;classic&quot;}\">\n\t\t\t\t<\/div>\n\t\t<div class=\"elementor-element elementor-element-fb2b8cc e-con-full e-flex e-con e-child\" data-id=\"fb2b8cc\" data-element_type=\"container\" data-e-type=\"container\">\n\t\t\t\t<div class=\"elementor-element elementor-element-658836e elementor-widget elementor-widget-heading\" data-id=\"658836e\" data-element_type=\"widget\" data-e-type=\"widget\" data-widget_type=\"heading.default\">\n\t\t\t\t\t<h2 class=\"elementor-heading-title elementor-size-default\">\u30c7\u30b9\u30af\uff06\u30ef\u30fc\u30af\u30b9\u30c6\u30fc\u30b7\u30e7\u30f3<\/h2>\t\t\t\t<\/div>\n\t\t\t\t<div class=\"elementor-element elementor-element-e85c64e elementor-widget elementor-widget-text-editor\" data-id=\"e85c64e\" data-element_type=\"widget\" data-e-type=\"widget\" data-widget_type=\"text-editor.default\">\n\t\t\t\t\t\t\t\t\t<p>\u79c1\u305f\u3061\u306e\u30aa\u30d5\u30a3\u30b9\u306f\u3001\u9759\u304b\u3067\u6a5f\u80fd\u7684\u306a\u30d7\u30e9\u30a4\u30d9\u30fc\u30c8\u7a7a\u9593\u3092\u63d0\u4f9b\u3057\u307e\u3059\u3002\u30aa\u30d5\u30a3\u30b9\u3001\u30ed\u30d3\u30fc\u3001\u5b66\u7fd2\u74b0\u5883\u306a\u3069\u306b\u9069\u3057\u3066\u304a\u308a\u3001\u7a7a\u9593\u306e\u591a\u69d8\u6027\u3068\u5feb\u9069\u6027\u3092\u9ad8\u3081\u3066\u3044\u307e\u3059\u3002.<\/p>\t\t\t\t\t\t\t\t<\/div>\n\t\t\t\t<\/div>\n\t\t\t\t<div class=\"elementor-element elementor-element-2474035 elementor-position-inline-end elementor-widget__width-initial elementor-mobile-position-inline-start elementor-view-default elementor-widget elementor-widget-icon-box\" data-id=\"2474035\" data-element_type=\"widget\" data-e-type=\"widget\" data-widget_type=\"icon-box.default\">\n\t\t\t\t\t\t\t<div class=\"elementor-icon-box-wrapper\">\n\n\t\t\t\t\t\t<div class=\"elementor-icon-box-icon\">\n\t\t\t\t<span  class=\"elementor-icon\">\n\t\t\t\t<svg aria-hidden=\"true\" class=\"e-font-icon-svg e-fas-chevron-right\" viewbox=\"0 0 320 512\" xmlns=\"http:\/\/www.w3.org\/2000\/svg\"><path d=\"M285.476 272.971L91.132 467.314c-9.373 9.373-24.569 9.373-33.941 0l-22.667-22.667c-9.357-9.357-9.375-24.522-.04-33.901L188.505 256 34.484 101.255c-9.335-9.379-9.317-24.544.04-33.901l22.667-22.667c9.373-9.373 24.569-9.373 33.941 0L285.475 239.03c9.373 9.372 9.373 24.568.001 33.941z\"><\/path><\/svg>\t\t\t\t<\/span>\n\t\t\t<\/div>\n\t\t\t\n\t\t\t\t\t\t<div class=\"elementor-icon-box-content\">\n\n\t\t\t\t\t\t\t\t\t<span class=\"elementor-icon-box-title\">\n\t\t\t\t\t\t<span  >\n\t\t\t\t\t\t\t\u3082\u3063\u3068\u8aad\u3080\t\t\t\t\t\t<\/span>\n\t\t\t\t\t<\/span>\n\t\t\t\t\n\t\t\t\t\n\t\t\t<\/div>\n\t\t\t\n\t\t<\/div>\n\t\t\t\t\t\t<\/div>\n\t\t\t\t<\/a>\n\t\t<a class=\"elementor-element elementor-element-bcd045c e-con-full e-flex e-con e-child\" data-id=\"bcd045c\" data-element_type=\"container\" data-e-type=\"container\" href=\"\/ja\/%e5%95%86%e5%93%81%e3%82%ab%e3%83%86%e3%82%b4%e3%83%aa%e3%83%bc\/%e9%96%93%e4%bb%95%e5%88%87%e3%82%8a\/\">\n\t\t<div class=\"elementor-element elementor-element-83d6e8a e-con-full e-flex e-con e-child\" data-id=\"83d6e8a\" data-element_type=\"container\" data-e-type=\"container\" data-settings=\"{&quot;background_background&quot;:&quot;classic&quot;}\">\n\t\t\t\t<\/div>\n\t\t<div class=\"elementor-element elementor-element-df7ae7c e-con-full e-flex e-con e-child\" data-id=\"df7ae7c\" data-element_type=\"container\" data-e-type=\"container\">\n\t\t\t\t<div class=\"elementor-element elementor-element-8f5be5a elementor-widget elementor-widget-heading\" data-id=\"8f5be5a\" data-element_type=\"widget\" data-e-type=\"widget\" data-widget_type=\"heading.default\">\n\t\t\t\t\t<h2 class=\"elementor-heading-title elementor-size-default\">\u30b9\u30da\u30fc\u30b9\u3092\u5171\u6709\u3059\u308b<\/h2>\t\t\t\t<\/div>\n\t\t\t\t<div class=\"elementor-element elementor-element-7f8f125 elementor-widget elementor-widget-text-editor\" data-id=\"7f8f125\" data-element_type=\"widget\" data-e-type=\"widget\" data-widget_type=\"text-editor.default\">\n\t\t\t\t\t\t\t\t\t<p>\u5f53\u793e\u306e\u30b9\u30da\u30fc\u30b9\u30fb\u30c7\u30a3\u30d0\u30a4\u30c0\u30fc\u306f\u3001\u30b9\u30bf\u30a4\u30ea\u30c3\u30b7\u30e5\u3067\u4f7f\u3044\u3084\u3059\u3044\u88fd\u54c1\u3067\u3059\u3002\u97f3\u3092\u5438\u53ce\u30fb\u5206\u6563\u3057\u3001\u97f3\u97ff\u52b9\u679c\u3092\u9ad8\u3081\u3001\u3055\u307e\u3056\u307e\u306a\u30b9\u30da\u30fc\u30b9\u3067\u5feb\u9069\u306a\u4ed5\u4e8b\u30fb\u751f\u6d3b\u74b0\u5883\u3092\u5b9f\u73fe\u3057\u307e\u3059\u3002.<\/p>\t\t\t\t\t\t\t\t<\/div>\n\t\t\t\t<\/div>\n\t\t\t\t<div class=\"elementor-element elementor-element-e043322 elementor-position-inline-end elementor-widget__width-initial elementor-mobile-position-inline-start elementor-view-default elementor-widget elementor-widget-icon-box\" data-id=\"e043322\" data-element_type=\"widget\" data-e-type=\"widget\" data-widget_type=\"icon-box.default\">\n\t\t\t\t\t\t\t<div class=\"elementor-icon-box-wrapper\">\n\n\t\t\t\t\t\t<div class=\"elementor-icon-box-icon\">\n\t\t\t\t<span  class=\"elementor-icon\">\n\t\t\t\t<svg aria-hidden=\"true\" class=\"e-font-icon-svg e-fas-chevron-right\" viewbox=\"0 0 320 512\" xmlns=\"http:\/\/www.w3.org\/2000\/svg\"><path d=\"M285.476 272.971L91.132 467.314c-9.373 9.373-24.569 9.373-33.941 0l-22.667-22.667c-9.357-9.357-9.375-24.522-.04-33.901L188.505 256 34.484 101.255c-9.335-9.379-9.317-24.544.04-33.901l22.667-22.667c9.373-9.373 24.569-9.373 33.941 0L285.475 239.03c9.373 9.372 9.373 24.568.001 33.941z\"><\/path><\/svg>\t\t\t\t<\/span>\n\t\t\t<\/div>\n\t\t\t\n\t\t\t\t\t\t<div class=\"elementor-icon-box-content\">\n\n\t\t\t\t\t\t\t\t\t<span class=\"elementor-icon-box-title\">\n\t\t\t\t\t\t<span  >\n\t\t\t\t\t\t\t\u3082\u3063\u3068\u8aad\u3080\t\t\t\t\t\t<\/span>\n\t\t\t\t\t<\/span>\n\t\t\t\t\n\t\t\t\t\n\t\t\t<\/div>\n\t\t\t\n\t\t<\/div>\n\t\t\t\t\t\t<\/div>\n\t\t\t\t<\/a>\n\t\t<a class=\"elementor-element elementor-element-ce3307b e-con-full e-flex e-con e-child\" data-id=\"ce3307b\" data-element_type=\"container\" data-e-type=\"container\" href=\"\/ja\/%e5%95%86%e5%93%81%e3%82%ab%e3%83%86%e3%82%b4%e3%83%aa%e3%83%bc\/%e8%a3%9c%e5%8a%a9%e8%a3%bd%e5%93%81\/\">\n\t\t<div class=\"elementor-element elementor-element-ecf0330 e-con-full e-flex e-con e-child\" data-id=\"ecf0330\" data-element_type=\"container\" data-e-type=\"container\" data-settings=\"{&quot;background_background&quot;:&quot;classic&quot;}\">\n\t\t\t\t<\/div>\n\t\t<div class=\"elementor-element elementor-element-a193730 e-con-full e-flex e-con e-child\" data-id=\"a193730\" data-element_type=\"container\" data-e-type=\"container\">\n\t\t\t\t<div class=\"elementor-element elementor-element-21f67ed elementor-widget elementor-widget-heading\" data-id=\"21f67ed\" data-element_type=\"widget\" data-e-type=\"widget\" data-widget_type=\"heading.default\">\n\t\t\t\t\t<h2 class=\"elementor-heading-title elementor-size-default\">\u30a2\u30f3\u30b7\u30e9\u30ea\u30fc\u88fd\u54c1<\/h2>\t\t\t\t<\/div>\n\t\t\t\t<div class=\"elementor-element elementor-element-65e1b5c elementor-widget elementor-widget-text-editor\" data-id=\"65e1b5c\" data-element_type=\"widget\" data-e-type=\"widget\" data-widget_type=\"text-editor.default\">\n\t\t\t\t\t\t\t\t\t<p>\u5f53\u793e\u306e\u4ed6\u306e\u5bb6\u5177\u88fd\u54c1\u3092\u30b5\u30dd\u30fc\u30c8\u3057\u3001\u88dc\u5b8c\u3059\u308b\u3053\u3068\u3067\u3001\u3042\u3089\u3086\u308b\u30b9\u30da\u30fc\u30b9\u3092\u591a\u76ee\u7684\u74b0\u5883\u306b\u5909\u3048\u308b\u3053\u3068\u304c\u3067\u304d\u307e\u3059\u3002.<\/p>\t\t\t\t\t\t\t\t<\/div>\n\t\t\t\t<\/div>\n\t\t\t\t<div class=\"elementor-element elementor-element-bca0bff elementor-position-inline-end elementor-widget__width-initial elementor-mobile-position-inline-start elementor-view-default elementor-widget elementor-widget-icon-box\" data-id=\"bca0bff\" data-element_type=\"widget\" data-e-type=\"widget\" data-widget_type=\"icon-box.default\">\n\t\t\t\t\t\t\t<div class=\"elementor-icon-box-wrapper\">\n\n\t\t\t\t\t\t<div class=\"elementor-icon-box-icon\">\n\t\t\t\t<span  class=\"elementor-icon\">\n\t\t\t\t<svg aria-hidden=\"true\" class=\"e-font-icon-svg e-fas-chevron-right\" viewbox=\"0 0 320 512\" xmlns=\"http:\/\/www.w3.org\/2000\/svg\"><path d=\"M285.476 272.971L91.132 467.314c-9.373 9.373-24.569 9.373-33.941 0l-22.667-22.667c-9.357-9.357-9.375-24.522-.04-33.901L188.505 256 34.484 101.255c-9.335-9.379-9.317-24.544.04-33.901l22.667-22.667c9.373-9.373 24.569-9.373 33.941 0L285.475 239.03c9.373 9.372 9.373 24.568.001 33.941z\"><\/path><\/svg>\t\t\t\t<\/span>\n\t\t\t<\/div>\n\t\t\t\n\t\t\t\t\t\t<div class=\"elementor-icon-box-content\">\n\n\t\t\t\t\t\t\t\t\t<span class=\"elementor-icon-box-title\">\n\t\t\t\t\t\t<span  >\n\t\t\t\t\t\t\t\u3082\u3063\u3068\u8aad\u3080\t\t\t\t\t\t<\/span>\n\t\t\t\t\t<\/span>\n\t\t\t\t\n\t\t\t\t\n\t\t\t<\/div>\n\t\t\t\n\t\t<\/div>\n\t\t\t\t\t\t<\/div>\n\t\t\t\t<\/a>\n\t\t\t\t<\/div>\n\t\t\t\t\t<\/div>\n\t\t\t\t<\/div>\n\t\t\t\t<\/div>","protected":false},"excerpt":{"rendered":"<p>INTO THE NORDIC SILENCE INTO the Nordic Silence -tuoteperhe koostuu modulaarisista POD-huoneista, monik\u00e4ytt\u00f6isist\u00e4 tilanjakajista sek\u00e4 ergonomisista istuinkalusteista ja p\u00f6ydist\u00e4 &amp; ty\u00f6pisteist\u00e4. Kaikki tuotteemme on suunniteltu saumattomasti yhteen sopiviksi, muunneltaviksi ja helposti integroitaviksi erilaisiin ty\u00f6tiloihin \u2013 tukien monipuolisia ty\u00f6skentelytapoja ja -tyylej\u00e4. Lataa esite (PDF) POD huoneet POD huoneemme parantavat ty\u00f6tehoa ja mukavuutta avotiloissa. Ne tarjoavat akustista ja visuaalista suojaa kokouksiin sek\u00e4 keskittymist\u00e4 vaativaan ty\u00f6h\u00f6n, luoden rauhallisen ilmapiirin. Lue lis\u00e4\u00e4 Istuinkalusteet Istuin\u00adkalusteemme luovat kutsuvan ja ergonomisen ymp\u00e4rist\u00f6n. Ne tukevat yhteisty\u00f6t\u00e4 ja viestint\u00e4\u00e4 avoimissa sek\u00e4 puoliavoimissa tiloissa, soveltuen ty\u00f6- ja oppimisymp\u00e4rist\u00f6ihin. Lue lis\u00e4\u00e4 P\u00f6yd\u00e4t &amp; ty\u00f6pisteet Ty\u00f6pisteemme tarjoavat rauhallisen ja toimivan tilan yksityiseen ty\u00f6skentelyyn. Ne sopivat toimistoihin, aulatiloihin ja oppimisymp\u00e4rist\u00f6ihin, lis\u00e4ten tilan monik\u00e4ytt\u00f6isyytt\u00e4 [&hellip;]<\/p>\n","protected":false},"author":1,"featured_media":0,"parent":0,"menu_order":0,"comment_status":"closed","ping_status":"closed","template":"","meta":{"_acf_changed":false,"_improvement_type_select":"improve_an_existing","_thumb_yes_seoaic":false,"_frame_yes_seoaic":false,"seoaic_generate_description":"","seoaic_improve_instructions_prompt":"","seoaic_rollback_content_improvement":"","seoaic_idea_thumbnail_generator":"","thumbnail_generated":false,"thumbnail_generate_prompt":"","seoaic_article_description":"","footnotes":""},"class_list":["post-27249","page","type-page","status-publish","hentry"],"acf":[],"_links":{"self":[{"href":"https:\/\/intoconcept.com\/ja\/wp-json\/wp\/v2\/pages\/27249","targetHints":{"allow":["GET"]}}],"collection":[{"href":"https:\/\/intoconcept.com\/ja\/wp-json\/wp\/v2\/pages"}],"about":[{"href":"https:\/\/intoconcept.com\/ja\/wp-json\/wp\/v2\/types\/page"}],"author":[{"embeddable":true,"href":"https:\/\/intoconcept.com\/ja\/wp-json\/wp\/v2\/users\/1"}],"replies":[{"embeddable":true,"href":"https:\/\/intoconcept.com\/ja\/wp-json\/wp\/v2\/comments?post=27249"}],"version-history":[{"count":28,"href":"https:\/\/intoconcept.com\/ja\/wp-json\/wp\/v2\/pages\/27249\/revisions"}],"predecessor-version":[{"id":32551,"href":"https:\/\/intoconcept.com\/ja\/wp-json\/wp\/v2\/pages\/27249\/revisions\/32551"}],"wp:attachment":[{"href":"https:\/\/intoconcept.com\/ja\/wp-json\/wp\/v2\/media?parent=27249"}],"curies":[{"name":"wp","href":"https:\/\/api.w.org\/{rel}","templated":true}]}}