{"id":32858,"date":"2026-05-11T07:18:49","date_gmt":"2026-05-11T07:18:49","guid":{"rendered":"https:\/\/intoconcept.com\/?post_type=product&#038;p=32858"},"modified":"2026-05-12T10:56:13","modified_gmt":"2026-05-12T10:56:13","slug":"story-wall-plant-box","status":"publish","type":"product","link":"https:\/\/intoconcept.com\/ja\/product\/story-wall-plant-box\/","title":{"rendered":"\u30b9\u30c8\u30fc\u30ea\u30fc\u30a6\u30a9\u30fc\u30eb\u30fb\u30d7\u30e9\u30f3\u30c4\u30dc\u30c3\u30af\u30b9"},"content":{"rendered":"<p><strong>PLANT BOX <\/strong>on<strong> \u30b9\u30c8\u30fc\u30ea\u30fc\u30fb\u30a6\u30a9\u30fc\u30eb <\/strong>-tilanjakajan lis\u00e4osa, joka tuo tilaan vihreytt\u00e4 helposti ja n\u00e4ytt\u00e4v\u00e4sti.<\/p>\n<p>\u4fa1\u683c\u3060\uff1a<strong>\u00a0420 \u20ac<\/strong> (VAT 0%)<br \/>\n\u904b\u8cc3\u3068\u8a2d\u7f6e\u6599\u306f\u4fa1\u683c\u306b\u542b\u307e\u308c\u3066\u3044\u307e\u305b\u3093\u3002.<\/p>\n<p>&nbsp;<\/p>","protected":false},"featured_media":32930,"parent":0,"template":"","meta":{"_acf_changed":false,"_improvement_type_select":"improve_an_existing","_thumb_yes_seoaic":false,"_frame_yes_seoaic":false,"seoaic_generate_description":"","seoaic_improve_instructions_prompt":"","seoaic_rollback_content_improvement":"","seoaic_idea_thumbnail_generator":"","thumbnail_generated":false,"thumbnail_generate_prompt":"","seoaic_article_description":""},"product-category":[24],"class_list":["post-32858","product","type-product","status-publish","has-post-thumbnail","hentry","product-category-oheistuotteet"],"acf":[],"_links":{"self":[{"href":"https:\/\/intoconcept.com\/ja\/wp-json\/wp\/v2\/product\/32858","targetHints":{"allow":["GET"]}}],"collection":[{"href":"https:\/\/intoconcept.com\/ja\/wp-json\/wp\/v2\/product"}],"about":[{"href":"https:\/\/intoconcept.com\/ja\/wp-json\/wp\/v2\/types\/product"}],"wp:featuredmedia":[{"embeddable":true,"href":"https:\/\/intoconcept.com\/ja\/wp-json\/wp\/v2\/media\/32930"}],"wp:attachment":[{"href":"https:\/\/intoconcept.com\/ja\/wp-json\/wp\/v2\/media?parent=32858"}],"wp:term":[{"taxonomy":"product-category","embeddable":true,"href":"https:\/\/intoconcept.com\/ja\/wp-json\/wp\/v2\/product-category?post=32858"}],"curies":[{"name":"wp","href":"https:\/\/api.w.org\/{rel}","templated":true}]}}