{"id":12042,"date":"2020-09-29T10:59:54","date_gmt":"2020-09-29T07:59:54","guid":{"rendered":"https:\/\/intoconcept.com\/?post_type=product&#038;p=12042"},"modified":"2026-02-20T08:32:37","modified_gmt":"2026-02-20T08:32:37","slug":"pyoratuo-ramp","status":"publish","type":"product","link":"https:\/\/intoconcept.com\/sv\/produkt\/pyoratuo-ramp\/","title":{"rendered":"POD rullstolsramp"},"content":{"rendered":"<p class=\"translation-block\"><strong>POD rullstolsramp<\/strong> \u00e4r tillg\u00e4nglig f\u00f6r POD-rum (POD 1, POD 2, POD 3, POD 4, POD MAX), vilket g\u00f6r det enkelt f\u00f6r oberoende rullstolsanv\u00e4ndare att komma in.<\/p>\n<p>Pris: <strong>415 \u20ac<\/strong> (Moms 0%)<\/p>","protected":false},"featured_media":12038,"parent":0,"template":"","meta":{"_acf_changed":false,"_improvement_type_select":"improve_an_existing","_thumb_yes_seoaic":false,"_frame_yes_seoaic":false,"seoaic_generate_description":"","seoaic_improve_instructions_prompt":"","seoaic_rollback_content_improvement":"","seoaic_idea_thumbnail_generator":"","thumbnail_generated":false,"thumbnail_generate_prompt":"","seoaic_article_description":""},"product-category":[24],"class_list":["post-12042","product","type-product","status-publish","has-post-thumbnail","hentry","product-category-oheistuotteet"],"acf":[],"_links":{"self":[{"href":"https:\/\/intoconcept.com\/sv\/wp-json\/wp\/v2\/product\/12042","targetHints":{"allow":["GET"]}}],"collection":[{"href":"https:\/\/intoconcept.com\/sv\/wp-json\/wp\/v2\/product"}],"about":[{"href":"https:\/\/intoconcept.com\/sv\/wp-json\/wp\/v2\/types\/product"}],"wp:featuredmedia":[{"embeddable":true,"href":"https:\/\/intoconcept.com\/sv\/wp-json\/wp\/v2\/media\/12038"}],"wp:attachment":[{"href":"https:\/\/intoconcept.com\/sv\/wp-json\/wp\/v2\/media?parent=12042"}],"wp:term":[{"taxonomy":"product-category","embeddable":true,"href":"https:\/\/intoconcept.com\/sv\/wp-json\/wp\/v2\/product-category?post=12042"}],"curies":[{"name":"wp","href":"https:\/\/api.w.org\/{rel}","templated":true}]}}