{"id":12181,"date":"2020-10-21T14:00:41","date_gmt":"2020-10-21T11:00:41","guid":{"rendered":"https:\/\/intoconcept.com\/?post_type=product&#038;p=12181"},"modified":"2026-02-20T08:45:02","modified_gmt":"2026-02-20T08:45:02","slug":"whiteboard","status":"publish","type":"product","link":"https:\/\/intoconcept.com\/sv\/produkt\/whiteboard\/","title":{"rendered":"STORY WALL -whiteboardtavla"},"content":{"rendered":"<p><strong data-start=\"133\" data-end=\"230\">STORY WALL - magnetisk whiteboardtavla <\/strong>g\u00f6r plattformen f\u00f6r delat utrymme till en funktionell plattform f\u00f6r brainstorming och samarbete. Varje STORY WALL kan rymma 1-4 mark\u00f6rer, beroende p\u00e5 dina behov.<\/p>\n<p>Pris:<strong> 150 \u20ac<\/strong> (Moms 0%)<\/p>","protected":false},"featured_media":25110,"parent":0,"template":"","meta":{"_acf_changed":false,"_improvement_type_select":"improve_an_existing","_thumb_yes_seoaic":false,"_frame_yes_seoaic":false,"seoaic_generate_description":"","seoaic_improve_instructions_prompt":"","seoaic_rollback_content_improvement":"","seoaic_idea_thumbnail_generator":"","thumbnail_generated":false,"thumbnail_generate_prompt":"","seoaic_article_description":""},"product-category":[24],"class_list":["post-12181","product","type-product","status-publish","has-post-thumbnail","hentry","product-category-oheistuotteet"],"acf":[],"_links":{"self":[{"href":"https:\/\/intoconcept.com\/sv\/wp-json\/wp\/v2\/product\/12181","targetHints":{"allow":["GET"]}}],"collection":[{"href":"https:\/\/intoconcept.com\/sv\/wp-json\/wp\/v2\/product"}],"about":[{"href":"https:\/\/intoconcept.com\/sv\/wp-json\/wp\/v2\/types\/product"}],"wp:featuredmedia":[{"embeddable":true,"href":"https:\/\/intoconcept.com\/sv\/wp-json\/wp\/v2\/media\/25110"}],"wp:attachment":[{"href":"https:\/\/intoconcept.com\/sv\/wp-json\/wp\/v2\/media?parent=12181"}],"wp:term":[{"taxonomy":"product-category","embeddable":true,"href":"https:\/\/intoconcept.com\/sv\/wp-json\/wp\/v2\/product-category?post=12181"}],"curies":[{"name":"wp","href":"https:\/\/api.w.org\/{rel}","templated":true}]}}