{"id":12258,"date":"2020-10-27T11:50:48","date_gmt":"2020-10-27T09:50:48","guid":{"rendered":"https:\/\/intoconcept.com\/?post_type=product&#038;p=12258"},"modified":"2026-03-31T11:44:32","modified_gmt":"2026-03-31T11:44:32","slug":"kubiska-kasinon","status":"publish","type":"product","link":"https:\/\/intoconcept.com\/sv\/produkt\/kubiska-kasinon\/","title":{"rendered":"CUBE Armst\u00f6d"},"content":{"rendered":"<p><strong>CUBE Armst\u00f6d<\/strong> g\u00f6r att du kan f\u00f6rvandla din CUBE eller CUBE SOLO till en mer funktionell arbetsstation tack vare ett uttag och ett robust armst\u00f6d.<\/p>\n<p>Pris:<strong> 335 \u20ac<\/strong> (Moms 0%)<\/p>\n<p>&nbsp;<\/p>","protected":false},"featured_media":12270,"parent":0,"template":"","meta":{"_acf_changed":false,"_improvement_type_select":"improve_an_existing","_thumb_yes_seoaic":false,"_frame_yes_seoaic":false,"seoaic_generate_description":"","seoaic_improve_instructions_prompt":"","seoaic_rollback_content_improvement":"","seoaic_idea_thumbnail_generator":"","thumbnail_generated":false,"thumbnail_generate_prompt":"","seoaic_article_description":""},"product-category":[24],"class_list":["post-12258","product","type-product","status-publish","has-post-thumbnail","hentry","product-category-oheistuotteet"],"acf":[],"_links":{"self":[{"href":"https:\/\/intoconcept.com\/sv\/wp-json\/wp\/v2\/product\/12258","targetHints":{"allow":["GET"]}}],"collection":[{"href":"https:\/\/intoconcept.com\/sv\/wp-json\/wp\/v2\/product"}],"about":[{"href":"https:\/\/intoconcept.com\/sv\/wp-json\/wp\/v2\/types\/product"}],"wp:featuredmedia":[{"embeddable":true,"href":"https:\/\/intoconcept.com\/sv\/wp-json\/wp\/v2\/media\/12270"}],"wp:attachment":[{"href":"https:\/\/intoconcept.com\/sv\/wp-json\/wp\/v2\/media?parent=12258"}],"wp:term":[{"taxonomy":"product-category","embeddable":true,"href":"https:\/\/intoconcept.com\/sv\/wp-json\/wp\/v2\/product-category?post=12258"}],"curies":[{"name":"wp","href":"https:\/\/api.w.org\/{rel}","templated":true}]}}