{"id":1553,"date":"2018-09-04T13:44:29","date_gmt":"2018-09-04T10:44:29","guid":{"rendered":"https:\/\/intoconcept.com\/?post_type=product&#038;p=1553"},"modified":"2026-02-19T14:30:46","modified_gmt":"2026-02-19T14:30:46","slug":"displaylada-nayttoteline","status":"publish","type":"product","link":"https:\/\/intoconcept.com\/sv\/produkt\/displaylada-nayttoteline\/","title":{"rendered":"POD - DISPLAYBOX"},"content":{"rendered":"<p><strong>DISPLAY BOX<\/strong>\u00a0\u00e4r ett praktiskt displayst\u00e4ll som \u00e4r utformat f\u00f6r POD-rum. Med detta displayst\u00e4ll kan du d\u00f6lja distraherande kablar och ledningar och det har ett utseende som passar perfekt till stilen i POD-rum. Sk\u00e4rmar och monteringstillbeh\u00f6r ing\u00e5r inte.<\/p>\n<p>Pris:<strong> 870 \u20ac<\/strong> (Moms 0%)<\/p>\n<p>&nbsp;<\/p>","protected":false},"featured_media":2130,"parent":0,"template":"","meta":{"_acf_changed":false,"_improvement_type_select":"improve_an_existing","_thumb_yes_seoaic":false,"_frame_yes_seoaic":false,"seoaic_generate_description":"","seoaic_improve_instructions_prompt":"","seoaic_rollback_content_improvement":"","seoaic_idea_thumbnail_generator":"","thumbnail_generated":false,"thumbnail_generate_prompt":"","seoaic_article_description":""},"product-category":[24],"class_list":["post-1553","product","type-product","status-publish","has-post-thumbnail","hentry","product-category-oheistuotteet"],"acf":[],"_links":{"self":[{"href":"https:\/\/intoconcept.com\/sv\/wp-json\/wp\/v2\/product\/1553","targetHints":{"allow":["GET"]}}],"collection":[{"href":"https:\/\/intoconcept.com\/sv\/wp-json\/wp\/v2\/product"}],"about":[{"href":"https:\/\/intoconcept.com\/sv\/wp-json\/wp\/v2\/types\/product"}],"wp:featuredmedia":[{"embeddable":true,"href":"https:\/\/intoconcept.com\/sv\/wp-json\/wp\/v2\/media\/2130"}],"wp:attachment":[{"href":"https:\/\/intoconcept.com\/sv\/wp-json\/wp\/v2\/media?parent=1553"}],"wp:term":[{"taxonomy":"product-category","embeddable":true,"href":"https:\/\/intoconcept.com\/sv\/wp-json\/wp\/v2\/product-category?post=1553"}],"curies":[{"name":"wp","href":"https:\/\/api.w.org\/{rel}","templated":true}]}}