{"id":1563,"date":"2018-09-04T13:50:32","date_gmt":"2018-09-04T10:50:32","guid":{"rendered":"https:\/\/intoconcept.com\/?post_type=product&#038;p=1563"},"modified":"2026-04-13T08:45:43","modified_gmt":"2026-04-13T08:45:43","slug":"pod1-arbetsyta","status":"publish","type":"product","link":"https:\/\/intoconcept.com\/sv\/produkt\/pod1-arbetsyta\/","title":{"rendered":"POD 1 ljudisolerad arbetsplats"},"content":{"rendered":"<p><strong>POD 1<\/strong> \u00e4r en ljudisolerad arbetsyta med klass A-akustik f\u00f6r 1-2 personer, utformad f\u00f6r fokuserat arbete och privata samtal.<\/p>\n<p>L\u00e4s mer\u00a0<a href=\"https:\/\/intoconcept.com\/sv\/referens\/bodymaja-i-samarbete-med-into-concept\/\">till destinationen<\/a>, d\u00e4r POD 1 \u00e4r aktiverad.<\/p>\n<p>Pris: <strong>10 120 \u20ac<\/strong> - <strong>. <\/strong>(Moms 0 %)<br \/>\nFrakt och installation ing\u00e5r inte i priset.<\/p>\n<p>&nbsp;<\/p>\n<p><iframe title=\"YouTube-videospelare\" src=\"https:\/\/www.youtube.com\/embed\/Jy4w0tH5C1Q?si=NoPKa399DGLlYA_8\" width=\"560\" height=\"315\" frameborder=\"0\" allowfullscreen=\"allowfullscreen\"><\/iframe><\/p>","protected":false},"featured_media":16338,"parent":0,"template":"","meta":{"_acf_changed":false,"_improvement_type_select":"improve_an_existing","_thumb_yes_seoaic":false,"_frame_yes_seoaic":false,"seoaic_generate_description":"","seoaic_improve_instructions_prompt":"","seoaic_rollback_content_improvement":"","seoaic_idea_thumbnail_generator":"","thumbnail_generated":false,"thumbnail_generate_prompt":"","seoaic_article_description":""},"product-category":[15],"class_list":["post-1563","product","type-product","status-publish","has-post-thumbnail","hentry","product-category-pod-huoneet"],"acf":[],"_links":{"self":[{"href":"https:\/\/intoconcept.com\/sv\/wp-json\/wp\/v2\/product\/1563","targetHints":{"allow":["GET"]}}],"collection":[{"href":"https:\/\/intoconcept.com\/sv\/wp-json\/wp\/v2\/product"}],"about":[{"href":"https:\/\/intoconcept.com\/sv\/wp-json\/wp\/v2\/types\/product"}],"wp:featuredmedia":[{"embeddable":true,"href":"https:\/\/intoconcept.com\/sv\/wp-json\/wp\/v2\/media\/16338"}],"wp:attachment":[{"href":"https:\/\/intoconcept.com\/sv\/wp-json\/wp\/v2\/media?parent=1563"}],"wp:term":[{"taxonomy":"product-category","embeddable":true,"href":"https:\/\/intoconcept.com\/sv\/wp-json\/wp\/v2\/product-category?post=1563"}],"curies":[{"name":"wp","href":"https:\/\/api.w.org\/{rel}","templated":true}]}}