{"id":1585,"date":"2018-09-04T14:02:03","date_gmt":"2018-09-04T11:02:03","guid":{"rendered":"https:\/\/intoconcept.com\/?post_type=product&#038;p=1585"},"modified":"2026-04-13T11:36:46","modified_gmt":"2026-04-13T11:36:46","slug":"pod4-konferensrum","status":"publish","type":"product","link":"https:\/\/intoconcept.com\/sv\/produkt\/pod4-konferensrum\/","title":{"rendered":"POD 4 ljudisolerat arbets- och m\u00f6tesrum"},"content":{"rendered":"<p><strong>POD 4<\/strong> \u00a0<span data-teams=\"true\">Ljudisolerad med akustik i klass A<\/span>\u00a0ett m\u00f6tesrum f\u00f6r 4-8 personer, perfekt f\u00f6r privata och konfidentiella m\u00f6ten.<\/p>\n<p>L\u00e4s mer\u00a0<a href=\"https:\/\/intoconcept.com\/sv\/pod-max-tarjoaa-neuvottelutilan-pienille-ja-isoille-tapaamisille\/\">till destinationen<\/a>, d\u00e4r POD 4 \u00e4r i bruk.<\/p>\n<p>Pris: <strong>19 875 \u20ac<\/strong> -<strong> .<\/strong><strong>\u00a0<\/strong>(Moms 0 %)<br \/>\nFrakt och installation ing\u00e5r inte i priset.<\/p>\n<p>&nbsp;<\/p>\n<p><iframe title=\"YouTube-videospelare\" src=\"https:\/\/www.youtube.com\/embed\/Jy4w0tH5C1Q?si=NoPKa399DGLlYA_8\" width=\"560\" height=\"315\" frameborder=\"0\" allowfullscreen=\"allowfullscreen\"><\/iframe><\/p>","protected":false},"featured_media":29462,"parent":0,"template":"","meta":{"_acf_changed":false,"_improvement_type_select":"improve_an_existing","_thumb_yes_seoaic":false,"_frame_yes_seoaic":false,"seoaic_generate_description":"","seoaic_improve_instructions_prompt":"","seoaic_rollback_content_improvement":"","seoaic_idea_thumbnail_generator":"","thumbnail_generated":false,"thumbnail_generate_prompt":"","seoaic_article_description":""},"product-category":[15],"class_list":["post-1585","product","type-product","status-publish","has-post-thumbnail","hentry","product-category-pod-huoneet"],"acf":[],"_links":{"self":[{"href":"https:\/\/intoconcept.com\/sv\/wp-json\/wp\/v2\/product\/1585","targetHints":{"allow":["GET"]}}],"collection":[{"href":"https:\/\/intoconcept.com\/sv\/wp-json\/wp\/v2\/product"}],"about":[{"href":"https:\/\/intoconcept.com\/sv\/wp-json\/wp\/v2\/types\/product"}],"wp:featuredmedia":[{"embeddable":true,"href":"https:\/\/intoconcept.com\/sv\/wp-json\/wp\/v2\/media\/29462"}],"wp:attachment":[{"href":"https:\/\/intoconcept.com\/sv\/wp-json\/wp\/v2\/media?parent=1585"}],"wp:term":[{"taxonomy":"product-category","embeddable":true,"href":"https:\/\/intoconcept.com\/sv\/wp-json\/wp\/v2\/product-category?post=1585"}],"curies":[{"name":"wp","href":"https:\/\/api.w.org\/{rel}","templated":true}]}}