{"id":1589,"date":"2018-09-04T14:04:51","date_gmt":"2018-09-04T11:04:51","guid":{"rendered":"https:\/\/intoconcept.com\/?post_type=product&#038;p=1589"},"modified":"2026-04-13T08:45:04","modified_gmt":"2026-04-13T08:45:04","slug":"pod-telefon-telefonbas","status":"publish","type":"product","link":"https:\/\/intoconcept.com\/sv\/produkt\/pod-telefon-telefonbas\/","title":{"rendered":"POD PHONE rymlig ljudisolerad telefonkiosk"},"content":{"rendered":"<p><strong>POD PHONE<\/strong> <span data-teams=\"true\">on tilava yhden hengen A-luokan akustiikalla varustettu \u00e4\u00e4nieristetty puhelinkoppi tai ty\u00f6tila, joka on suunniteltu parantamaan yksityisyytt\u00e4 ja v\u00e4hent\u00e4m\u00e4\u00e4n h\u00e4iri\u00f6tekij\u00f6it\u00e4 avotiloissa. <\/span><span data-teams=\"true\">\u00a0<\/span><\/p>\n<p>L\u00e4s mer\u00a0<a href=\"https:\/\/intoconcept.com\/sv\/referens\/mapvision-agilt-kontor\/\">till destinationen<\/a>, d\u00e4r POD PHONE \u00e4r aktiverad.<\/p>\n<p>Pris: <strong>6 640<\/strong> <strong>\u20ac<\/strong> - <strong>. <\/strong>(Moms 0 %)<br \/>\nFrakt och installation ing\u00e5r inte i priset.<\/p>\n<p>&nbsp;<\/p>\n<p><iframe title=\"YouTube-videospelare\" src=\"https:\/\/www.youtube.com\/embed\/Jy4w0tH5C1Q?si=NoPKa399DGLlYA_8\" width=\"560\" height=\"315\" frameborder=\"0\" allowfullscreen=\"allowfullscreen\"><\/iframe><\/p>","protected":false},"featured_media":16350,"parent":0,"template":"","meta":{"_acf_changed":false,"_improvement_type_select":"improve_an_existing","_thumb_yes_seoaic":false,"_frame_yes_seoaic":false,"seoaic_generate_description":"","seoaic_improve_instructions_prompt":"","seoaic_rollback_content_improvement":"","seoaic_idea_thumbnail_generator":"","thumbnail_generated":false,"thumbnail_generate_prompt":"","seoaic_article_description":""},"product-category":[15],"class_list":["post-1589","product","type-product","status-publish","has-post-thumbnail","hentry","product-category-pod-huoneet"],"acf":[],"_links":{"self":[{"href":"https:\/\/intoconcept.com\/sv\/wp-json\/wp\/v2\/product\/1589","targetHints":{"allow":["GET"]}}],"collection":[{"href":"https:\/\/intoconcept.com\/sv\/wp-json\/wp\/v2\/product"}],"about":[{"href":"https:\/\/intoconcept.com\/sv\/wp-json\/wp\/v2\/types\/product"}],"wp:featuredmedia":[{"embeddable":true,"href":"https:\/\/intoconcept.com\/sv\/wp-json\/wp\/v2\/media\/16350"}],"wp:attachment":[{"href":"https:\/\/intoconcept.com\/sv\/wp-json\/wp\/v2\/media?parent=1589"}],"wp:term":[{"taxonomy":"product-category","embeddable":true,"href":"https:\/\/intoconcept.com\/sv\/wp-json\/wp\/v2\/product-category?post=1589"}],"curies":[{"name":"wp","href":"https:\/\/api.w.org\/{rel}","templated":true}]}}