{"id":1599,"date":"2018-09-04T14:09:15","date_gmt":"2018-09-04T11:09:15","guid":{"rendered":"https:\/\/intoconcept.com\/?post_type=product&#038;p=1599"},"modified":"2026-03-11T11:57:18","modified_gmt":"2026-03-11T11:57:18","slug":"pod-roll-style-mode-med-pyorilla","status":"publish","type":"product","link":"https:\/\/intoconcept.com\/sv\/produkt\/pod-roll-style-mode-med-pyorilla\/","title":{"rendered":"POD ROLL diskussions- och arbetsutrymme"},"content":{"rendered":"<p><strong>POD ROLL<\/strong> \u00e4r ett akustiskt arbetsrum f\u00f6r 2-4 personer f\u00f6r spontana m\u00f6ten, sj\u00e4lvst\u00e4ndigt arbete och pauser. Det \u00e4r en arbetsyta p\u00e5 hjul, vilket g\u00f6r att den enkelt kan flyttas och roteras n\u00e4r utrymmesbehoven f\u00f6r\u00e4ndras.<\/p>\n<p>L\u00e4s mer\u00a0<a href=\"https:\/\/intoconcept.com\/sv\/referens\/telia-paakonttori\/\">till destinationen<\/a>, d\u00e4r POD ROLL \u00e4r i bruk.<\/p>\n<p>Pris: <strong>13 135 \u20ac<\/strong> - <strong>.<\/strong><strong>\u00a0<\/strong>(Moms 0 %)<br \/>\nFrakt och installation ing\u00e5r inte i priset.<\/p>\n<p>&nbsp;<\/p>","protected":false},"featured_media":16354,"parent":0,"template":"","meta":{"_acf_changed":false,"_improvement_type_select":"improve_an_existing","_thumb_yes_seoaic":false,"_frame_yes_seoaic":false,"seoaic_generate_description":"","seoaic_improve_instructions_prompt":"","seoaic_rollback_content_improvement":"","seoaic_idea_thumbnail_generator":"","thumbnail_generated":false,"thumbnail_generate_prompt":"","seoaic_article_description":""},"product-category":[15],"class_list":["post-1599","product","type-product","status-publish","has-post-thumbnail","hentry","product-category-pod-huoneet"],"acf":[],"_links":{"self":[{"href":"https:\/\/intoconcept.com\/sv\/wp-json\/wp\/v2\/product\/1599","targetHints":{"allow":["GET"]}}],"collection":[{"href":"https:\/\/intoconcept.com\/sv\/wp-json\/wp\/v2\/product"}],"about":[{"href":"https:\/\/intoconcept.com\/sv\/wp-json\/wp\/v2\/types\/product"}],"wp:featuredmedia":[{"embeddable":true,"href":"https:\/\/intoconcept.com\/sv\/wp-json\/wp\/v2\/media\/16354"}],"wp:attachment":[{"href":"https:\/\/intoconcept.com\/sv\/wp-json\/wp\/v2\/media?parent=1599"}],"wp:term":[{"taxonomy":"product-category","embeddable":true,"href":"https:\/\/intoconcept.com\/sv\/wp-json\/wp\/v2\/product-category?post=1599"}],"curies":[{"name":"wp","href":"https:\/\/api.w.org\/{rel}","templated":true}]}}