{"id":1611,"date":"2018-09-04T14:43:12","date_gmt":"2018-09-04T11:43:12","guid":{"rendered":"https:\/\/intoconcept.com\/?post_type=product&#038;p=1611"},"modified":"2026-03-30T10:57:06","modified_gmt":"2026-03-30T10:57:06","slug":"punktkopp-grupparbetsplats","status":"publish","type":"product","link":"https:\/\/intoconcept.com\/sv\/produkt\/punktkopp-grupparbetsplats\/","title":{"rendered":"POINT CUP"},"content":{"rendered":"<p><strong>POINT CUP<\/strong> \u00e4r en akustisk m\u00f6bell\u00f6sning som skapar en lugn milj\u00f6 f\u00f6r grupparbete och presentationer.<\/p>\n<p>L\u00e4s mer\u00a0<a href=\"https:\/\/intoconcept.com\/sv\/referens\/telia-paakonttori\/\">till destinationen<\/a>, d\u00e4r POINT CUP anv\u00e4nds.<\/p>\n<p>Pris: <strong>5 805 \u20ac <\/strong>(Moms 0%)<br \/>\nFrakt och installation ing\u00e5r inte i priset.<\/p>","protected":false},"featured_media":25077,"parent":0,"template":"","meta":{"_acf_changed":false,"_improvement_type_select":"improve_an_existing","_thumb_yes_seoaic":false,"_frame_yes_seoaic":false,"seoaic_generate_description":"","seoaic_improve_instructions_prompt":"","seoaic_rollback_content_improvement":"","seoaic_idea_thumbnail_generator":"","thumbnail_generated":false,"thumbnail_generate_prompt":"","seoaic_article_description":""},"product-category":[21],"class_list":["post-1611","product","type-product","status-publish","has-post-thumbnail","hentry","product-category-istuinkalusteet"],"acf":[],"_links":{"self":[{"href":"https:\/\/intoconcept.com\/sv\/wp-json\/wp\/v2\/product\/1611","targetHints":{"allow":["GET"]}}],"collection":[{"href":"https:\/\/intoconcept.com\/sv\/wp-json\/wp\/v2\/product"}],"about":[{"href":"https:\/\/intoconcept.com\/sv\/wp-json\/wp\/v2\/types\/product"}],"wp:featuredmedia":[{"embeddable":true,"href":"https:\/\/intoconcept.com\/sv\/wp-json\/wp\/v2\/media\/25077"}],"wp:attachment":[{"href":"https:\/\/intoconcept.com\/sv\/wp-json\/wp\/v2\/media?parent=1611"}],"wp:term":[{"taxonomy":"product-category","embeddable":true,"href":"https:\/\/intoconcept.com\/sv\/wp-json\/wp\/v2\/product-category?post=1611"}],"curies":[{"name":"wp","href":"https:\/\/api.w.org\/{rel}","templated":true}]}}