{"id":1633,"date":"2018-09-04T14:54:07","date_gmt":"2018-09-04T11:54:07","guid":{"rendered":"https:\/\/intoconcept.com\/?post_type=product&#038;p=1633"},"modified":"2026-04-07T07:52:08","modified_gmt":"2026-04-07T07:52:08","slug":"vaningsvagg-akustisk-rumsavdelare","status":"publish","type":"product","link":"https:\/\/intoconcept.com\/sv\/produkt\/vaningsvagg-akustisk-rumsavdelare\/","title":{"rendered":"STORY WALL akustisk rumsavdelare"},"content":{"rendered":"<p><strong>STORY WALL<\/strong> \u00e4r en flyttbar och kombinerbar akustisk rumsavdelare med m\u00e5nga anv\u00e4ndningsomr\u00e5den.<\/p>\n<p>L\u00e4s mer\u00a0<a href=\"https:\/\/intoconcept.com\/sv\/referens\/pilke-daghem\/\">till destinationen<\/a>, d\u00e4r STORY WALL rumsavdelare anv\u00e4nds.<\/p>\n<p>Pris:<strong> 1 680 \u20ac<\/strong> (Moms 0 %)<br \/>\nFrakt och installation ing\u00e5r inte i priset.<\/p>\n<p><iframe title=\"YouTube-videospelare\" src=\"https:\/\/www.youtube.com\/embed\/P70h5QGUZcI?si=W6bv-IOcYwKUIs9v\" width=\"560\" height=\"315\" frameborder=\"0\" allowfullscreen=\"allowfullscreen\"><\/iframe><\/p>","protected":false},"featured_media":29695,"parent":0,"template":"","meta":{"_acf_changed":false,"_improvement_type_select":"improve_an_existing","_thumb_yes_seoaic":false,"_frame_yes_seoaic":false,"seoaic_generate_description":"","seoaic_improve_instructions_prompt":"","seoaic_rollback_content_improvement":"","seoaic_idea_thumbnail_generator":"","thumbnail_generated":false,"thumbnail_generate_prompt":"","seoaic_article_description":""},"product-category":[23],"class_list":["post-1633","product","type-product","status-publish","has-post-thumbnail","hentry","product-category-tilanjakajat"],"acf":[],"_links":{"self":[{"href":"https:\/\/intoconcept.com\/sv\/wp-json\/wp\/v2\/product\/1633","targetHints":{"allow":["GET"]}}],"collection":[{"href":"https:\/\/intoconcept.com\/sv\/wp-json\/wp\/v2\/product"}],"about":[{"href":"https:\/\/intoconcept.com\/sv\/wp-json\/wp\/v2\/types\/product"}],"wp:featuredmedia":[{"embeddable":true,"href":"https:\/\/intoconcept.com\/sv\/wp-json\/wp\/v2\/media\/29695"}],"wp:attachment":[{"href":"https:\/\/intoconcept.com\/sv\/wp-json\/wp\/v2\/media?parent=1633"}],"wp:term":[{"taxonomy":"product-category","embeddable":true,"href":"https:\/\/intoconcept.com\/sv\/wp-json\/wp\/v2\/product-category?post=1633"}],"curies":[{"name":"wp","href":"https:\/\/api.w.org\/{rel}","templated":true}]}}