{"id":17631,"date":"2024-02-29T15:41:19","date_gmt":"2024-02-29T13:41:19","guid":{"rendered":"https:\/\/intoconcept.com\/?post_type=product&#038;p=17631"},"modified":"2026-02-20T09:15:45","modified_gmt":"2026-02-20T09:15:45","slug":"basketlaktare-vaning-vagg","status":"publish","type":"product","link":"https:\/\/intoconcept.com\/sv\/produkt\/basketlaktare-vaning-vagg\/","title":{"rendered":"STORY WALL basketkorg"},"content":{"rendered":"<p><strong data-start=\"133\" data-end=\"230\">STORY WALL basketkorg <\/strong>f\u00f6r en liten basketboll. Basketst\u00e4llet placeras i ett sp\u00e5r i skiljev\u00e4ggen, d\u00e4r det h\u00e5lls stadigt p\u00e5 plats.<\/p>\n<p>Pris:<strong> 30 \u20ac<\/strong> (Moms 0%)<\/p>\n<p>&nbsp;<\/p>","protected":false},"featured_media":29117,"parent":0,"template":"","meta":{"_acf_changed":false,"_improvement_type_select":"improve_an_existing","_thumb_yes_seoaic":false,"_frame_yes_seoaic":false,"seoaic_generate_description":"","seoaic_improve_instructions_prompt":"","seoaic_rollback_content_improvement":"","seoaic_idea_thumbnail_generator":"","thumbnail_generated":false,"thumbnail_generate_prompt":"","seoaic_article_description":""},"product-category":[24],"class_list":["post-17631","product","type-product","status-publish","has-post-thumbnail","hentry","product-category-oheistuotteet"],"acf":[],"_links":{"self":[{"href":"https:\/\/intoconcept.com\/sv\/wp-json\/wp\/v2\/product\/17631","targetHints":{"allow":["GET"]}}],"collection":[{"href":"https:\/\/intoconcept.com\/sv\/wp-json\/wp\/v2\/product"}],"about":[{"href":"https:\/\/intoconcept.com\/sv\/wp-json\/wp\/v2\/types\/product"}],"wp:featuredmedia":[{"embeddable":true,"href":"https:\/\/intoconcept.com\/sv\/wp-json\/wp\/v2\/media\/29117"}],"wp:attachment":[{"href":"https:\/\/intoconcept.com\/sv\/wp-json\/wp\/v2\/media?parent=17631"}],"wp:term":[{"taxonomy":"product-category","embeddable":true,"href":"https:\/\/intoconcept.com\/sv\/wp-json\/wp\/v2\/product-category?post=17631"}],"curies":[{"name":"wp","href":"https:\/\/api.w.org\/{rel}","templated":true}]}}