{"id":17645,"date":"2024-02-29T16:23:26","date_gmt":"2024-02-29T14:23:26","guid":{"rendered":"https:\/\/intoconcept.com\/?post_type=product&#038;p=17645"},"modified":"2026-02-20T10:15:18","modified_gmt":"2026-02-20T10:15:18","slug":"lang-hylla-berattelse-vagg","status":"publish","type":"product","link":"https:\/\/intoconcept.com\/sv\/produkt\/lang-hylla-berattelse-vagg\/","title":{"rendered":"STORY WALL - l\u00e5ng hylla"},"content":{"rendered":"<p><strong>STORY WALL - l\u00e5ng hylla<\/strong>\u00a0g\u00f6r det m\u00f6jligt att visa upp prydnadsf\u00f6rem\u00e5l, v\u00e4xter och andra f\u00f6rem\u00e5l i en rumsavdelare. Den l\u00e5nga hyllan f\u00e4sts enkelt i sp\u00e5ret i rumsavdelaren.<\/p>\n<p>Pris: <strong>110 \u20ac<\/strong> (Moms 0%)<\/p>","protected":false},"featured_media":29120,"parent":0,"template":"","meta":{"_acf_changed":false,"_improvement_type_select":"improve_an_existing","_thumb_yes_seoaic":false,"_frame_yes_seoaic":false,"seoaic_generate_description":"","seoaic_improve_instructions_prompt":"","seoaic_rollback_content_improvement":"","seoaic_idea_thumbnail_generator":"","thumbnail_generated":false,"thumbnail_generate_prompt":"","seoaic_article_description":""},"product-category":[24],"class_list":["post-17645","product","type-product","status-publish","has-post-thumbnail","hentry","product-category-oheistuotteet"],"acf":[],"_links":{"self":[{"href":"https:\/\/intoconcept.com\/sv\/wp-json\/wp\/v2\/product\/17645","targetHints":{"allow":["GET"]}}],"collection":[{"href":"https:\/\/intoconcept.com\/sv\/wp-json\/wp\/v2\/product"}],"about":[{"href":"https:\/\/intoconcept.com\/sv\/wp-json\/wp\/v2\/types\/product"}],"wp:featuredmedia":[{"embeddable":true,"href":"https:\/\/intoconcept.com\/sv\/wp-json\/wp\/v2\/media\/29120"}],"wp:attachment":[{"href":"https:\/\/intoconcept.com\/sv\/wp-json\/wp\/v2\/media?parent=17645"}],"wp:term":[{"taxonomy":"product-category","embeddable":true,"href":"https:\/\/intoconcept.com\/sv\/wp-json\/wp\/v2\/product-category?post=17645"}],"curies":[{"name":"wp","href":"https:\/\/api.w.org\/{rel}","templated":true}]}}