{"id":17655,"date":"2024-02-29T16:31:04","date_gmt":"2024-02-29T14:31:04","guid":{"rendered":"https:\/\/intoconcept.com\/?post_type=product&#038;p=17655"},"modified":"2026-02-20T10:04:48","modified_gmt":"2026-02-20T10:04:48","slug":"kort-kladhangare-for-berattelsevagg","status":"publish","type":"product","link":"https:\/\/intoconcept.com\/sv\/produkt\/kort-kladhangare-for-berattelsevagg\/","title":{"rendered":"STORY WALL - kort kl\u00e4dh\u00e4ngare"},"content":{"rendered":"<p><strong>STORY WALL - kort kl\u00e4dh\u00e4ngare<\/strong>\u00a0g\u00f6r att du kan h\u00e4nga kl\u00e4der och v\u00e4skor p\u00e5 rumsavdelaren. Den korta kl\u00e4dh\u00e4ngaren har tv\u00e5 kl\u00e4dkrokar och kan enkelt f\u00e4stas i sp\u00e5ret i rumsavdelaren.<\/p>\n<p>Pris:<strong> 30 \u20ac<\/strong>\u00a0(Moms 0%)<\/p>\n<p>&nbsp;<\/p>","protected":false},"featured_media":29118,"parent":0,"template":"","meta":{"_acf_changed":false,"_improvement_type_select":"improve_an_existing","_thumb_yes_seoaic":false,"_frame_yes_seoaic":false,"seoaic_generate_description":"","seoaic_improve_instructions_prompt":"","seoaic_rollback_content_improvement":"","seoaic_idea_thumbnail_generator":"","thumbnail_generated":false,"thumbnail_generate_prompt":"","seoaic_article_description":""},"product-category":[24],"class_list":["post-17655","product","type-product","status-publish","has-post-thumbnail","hentry","product-category-oheistuotteet"],"acf":[],"_links":{"self":[{"href":"https:\/\/intoconcept.com\/sv\/wp-json\/wp\/v2\/product\/17655","targetHints":{"allow":["GET"]}}],"collection":[{"href":"https:\/\/intoconcept.com\/sv\/wp-json\/wp\/v2\/product"}],"about":[{"href":"https:\/\/intoconcept.com\/sv\/wp-json\/wp\/v2\/types\/product"}],"wp:featuredmedia":[{"embeddable":true,"href":"https:\/\/intoconcept.com\/sv\/wp-json\/wp\/v2\/media\/29118"}],"wp:attachment":[{"href":"https:\/\/intoconcept.com\/sv\/wp-json\/wp\/v2\/media?parent=17655"}],"wp:term":[{"taxonomy":"product-category","embeddable":true,"href":"https:\/\/intoconcept.com\/sv\/wp-json\/wp\/v2\/product-category?post=17655"}],"curies":[{"name":"wp","href":"https:\/\/api.w.org\/{rel}","templated":true}]}}