{"id":17658,"date":"2024-02-29T16:18:11","date_gmt":"2024-02-29T14:18:11","guid":{"rendered":"https:\/\/intoconcept.com\/?post_type=product&#038;p=17658"},"modified":"2026-02-20T10:09:54","modified_gmt":"2026-02-20T10:09:54","slug":"lang-nagelfil-for-story-wall","status":"publish","type":"product","link":"https:\/\/intoconcept.com\/sv\/produkt\/lang-nagelfil-for-story-wall\/","title":{"rendered":"STORY WALL - l\u00e5ng kl\u00e4dh\u00e4ngare"},"content":{"rendered":"<p><strong>STORY WALL - l\u00e5ng kl\u00e4dh\u00e4ngare<\/strong>\u00a0g\u00f6r att du kan h\u00e4nga upp dina kl\u00e4der och v\u00e4skor p\u00e5 avdelaren. Den l\u00e5nga kroken har nio kl\u00e4dkrokar och f\u00e4sts enkelt i sk\u00e5ran i avdelaren.<\/p>\n<p>Pris: <strong>110 \u20ac <\/strong>(Moms 0%)<\/p>\n<p>&nbsp;<\/p>","protected":false},"featured_media":29119,"parent":0,"template":"","meta":{"_acf_changed":false,"_improvement_type_select":"improve_an_existing","_thumb_yes_seoaic":false,"_frame_yes_seoaic":false,"seoaic_generate_description":"","seoaic_improve_instructions_prompt":"","seoaic_rollback_content_improvement":"","seoaic_idea_thumbnail_generator":"","thumbnail_generated":false,"thumbnail_generate_prompt":"","seoaic_article_description":""},"product-category":[24],"class_list":["post-17658","product","type-product","status-publish","has-post-thumbnail","hentry","product-category-oheistuotteet"],"acf":[],"_links":{"self":[{"href":"https:\/\/intoconcept.com\/sv\/wp-json\/wp\/v2\/product\/17658","targetHints":{"allow":["GET"]}}],"collection":[{"href":"https:\/\/intoconcept.com\/sv\/wp-json\/wp\/v2\/product"}],"about":[{"href":"https:\/\/intoconcept.com\/sv\/wp-json\/wp\/v2\/types\/product"}],"wp:featuredmedia":[{"embeddable":true,"href":"https:\/\/intoconcept.com\/sv\/wp-json\/wp\/v2\/media\/29119"}],"wp:attachment":[{"href":"https:\/\/intoconcept.com\/sv\/wp-json\/wp\/v2\/media?parent=17658"}],"wp:term":[{"taxonomy":"product-category","embeddable":true,"href":"https:\/\/intoconcept.com\/sv\/wp-json\/wp\/v2\/product-category?post=17658"}],"curies":[{"name":"wp","href":"https:\/\/api.w.org\/{rel}","templated":true}]}}