{"id":17669,"date":"2024-02-29T15:52:14","date_gmt":"2024-02-29T13:52:14","guid":{"rendered":"https:\/\/intoconcept.com\/?post_type=product&#038;p=17669"},"modified":"2026-02-20T10:17:45","modified_gmt":"2026-02-20T10:17:45","slug":"kopphallare-for-berattelsevagg","status":"publish","type":"product","link":"https:\/\/intoconcept.com\/sv\/produkt\/kopphallare-for-berattelsevagg\/","title":{"rendered":"STORY WALL kopph\u00e5llare"},"content":{"rendered":"<p><strong>STORY WALL kopph\u00e5llare\u00a0<\/strong>g\u00f6r att du kan st\u00e4lla din kaffekopp p\u00e5 kopph\u00e5llaren. Kopph\u00e5llaren rymmer tv\u00e5 koppar och f\u00e4sts enkelt i sp\u00e5ret i rumsavdelaren.<\/p>\n<p>Pris: <strong>30 \u20ac<\/strong> (Moms 0%)<\/p>\n<p>&nbsp;<\/p>","protected":false},"featured_media":29121,"parent":0,"template":"","meta":{"_acf_changed":false,"_improvement_type_select":"improve_an_existing","_thumb_yes_seoaic":false,"_frame_yes_seoaic":false,"seoaic_generate_description":"","seoaic_improve_instructions_prompt":"","seoaic_rollback_content_improvement":"","seoaic_idea_thumbnail_generator":"","thumbnail_generated":false,"thumbnail_generate_prompt":"","seoaic_article_description":""},"product-category":[24],"class_list":["post-17669","product","type-product","status-publish","has-post-thumbnail","hentry","product-category-oheistuotteet"],"acf":[],"_links":{"self":[{"href":"https:\/\/intoconcept.com\/sv\/wp-json\/wp\/v2\/product\/17669","targetHints":{"allow":["GET"]}}],"collection":[{"href":"https:\/\/intoconcept.com\/sv\/wp-json\/wp\/v2\/product"}],"about":[{"href":"https:\/\/intoconcept.com\/sv\/wp-json\/wp\/v2\/types\/product"}],"wp:featuredmedia":[{"embeddable":true,"href":"https:\/\/intoconcept.com\/sv\/wp-json\/wp\/v2\/media\/29121"}],"wp:attachment":[{"href":"https:\/\/intoconcept.com\/sv\/wp-json\/wp\/v2\/media?parent=17669"}],"wp:term":[{"taxonomy":"product-category","embeddable":true,"href":"https:\/\/intoconcept.com\/sv\/wp-json\/wp\/v2\/product-category?post=17669"}],"curies":[{"name":"wp","href":"https:\/\/api.w.org\/{rel}","templated":true}]}}