{"id":18153,"date":"2024-12-04T11:19:58","date_gmt":"2024-12-04T09:19:58","guid":{"rendered":"https:\/\/intoconcept.com\/?post_type=product&#038;p=18153"},"modified":"2026-04-13T11:45:04","modified_gmt":"2026-04-13T11:45:04","slug":"pod-max-motesrum-for-en-storre-grupp","status":"publish","type":"product","link":"https:\/\/intoconcept.com\/sv\/produkt\/pod-max-motesrum-for-en-storre-grupp\/","title":{"rendered":"POD MAX-m\u00f6tesrum f\u00f6r st\u00f6rre grupper"},"content":{"rendered":"<p><strong>POD MAX<\/strong>\u00a0<span data-teams=\"true\">Ljudisolerad med akustik i klass A<\/span> ett m\u00f6tesrum, perfekt f\u00f6r 8-12 personer f\u00f6r st\u00f6rre m\u00f6ten och f\u00f6rhandlingar.<\/p>\n<p>Pris: <strong>33 235 \u20ac<\/strong> -<strong> .<\/strong><strong>\u00a0<\/strong>(Moms 0 %)<br \/>\nFrakt och installation ing\u00e5r inte i priset.<\/p>\n<p>&nbsp;<\/p>\n<p><iframe title=\"YouTube-videospelare\" src=\"https:\/\/www.youtube.com\/embed\/Jy4w0tH5C1Q?si=NoPKa399DGLlYA_8\" width=\"560\" height=\"315\" frameborder=\"0\" allowfullscreen=\"allowfullscreen\"><\/iframe><\/p>","protected":false},"featured_media":29087,"parent":0,"template":"","meta":{"_acf_changed":false,"_improvement_type_select":"improve_an_existing","_thumb_yes_seoaic":false,"_frame_yes_seoaic":false,"seoaic_generate_description":"","seoaic_improve_instructions_prompt":"","seoaic_rollback_content_improvement":"","seoaic_idea_thumbnail_generator":"","thumbnail_generated":false,"thumbnail_generate_prompt":"","seoaic_article_description":""},"product-category":[15],"class_list":["post-18153","product","type-product","status-publish","has-post-thumbnail","hentry","product-category-pod-huoneet"],"acf":[],"_links":{"self":[{"href":"https:\/\/intoconcept.com\/sv\/wp-json\/wp\/v2\/product\/18153","targetHints":{"allow":["GET"]}}],"collection":[{"href":"https:\/\/intoconcept.com\/sv\/wp-json\/wp\/v2\/product"}],"about":[{"href":"https:\/\/intoconcept.com\/sv\/wp-json\/wp\/v2\/types\/product"}],"wp:featuredmedia":[{"embeddable":true,"href":"https:\/\/intoconcept.com\/sv\/wp-json\/wp\/v2\/media\/29087"}],"wp:attachment":[{"href":"https:\/\/intoconcept.com\/sv\/wp-json\/wp\/v2\/media?parent=18153"}],"wp:term":[{"taxonomy":"product-category","embeddable":true,"href":"https:\/\/intoconcept.com\/sv\/wp-json\/wp\/v2\/product-category?post=18153"}],"curies":[{"name":"wp","href":"https:\/\/api.w.org\/{rel}","templated":true}]}}