{"id":18809,"date":"2024-08-23T12:42:11","date_gmt":"2024-08-23T09:42:11","guid":{"rendered":"https:\/\/intoconcept.com\/?post_type=product&#038;p=18809"},"modified":"2026-03-12T07:43:33","modified_gmt":"2026-03-12T07:43:33","slug":"vaning-vagg-hog-2","status":"publish","type":"product","link":"https:\/\/intoconcept.com\/sv\/produkt\/vaning-vagg-hog-2\/","title":{"rendered":"STORY WALL HIGH"},"content":{"rendered":"<p><strong>STORY WALL HIGH<\/strong> \u00e4r en flyttbar och kombinerbar akustisk rumsavdelare med m\u00e5nga anv\u00e4ndningsomr\u00e5den.<\/p>\n<p>Pris:<strong> 2 050 \u20ac<\/strong> (Moms 0 %)<br \/>\nFrakt och installation ing\u00e5r inte i priset.<\/p>\n<p><iframe title=\"YouTube-videospelare\" src=\"https:\/\/www.youtube.com\/embed\/P70h5QGUZcI?si=W6bv-IOcYwKUIs9v\" width=\"560\" height=\"315\" frameborder=\"0\" allowfullscreen=\"allowfullscreen\"><\/iframe><\/p>","protected":false},"featured_media":29100,"parent":0,"template":"","meta":{"_acf_changed":false,"_improvement_type_select":"improve_an_existing","_thumb_yes_seoaic":false,"_frame_yes_seoaic":false,"seoaic_generate_description":"","seoaic_improve_instructions_prompt":"","seoaic_rollback_content_improvement":"","seoaic_idea_thumbnail_generator":"","thumbnail_generated":false,"thumbnail_generate_prompt":"","seoaic_article_description":""},"product-category":[23],"class_list":["post-18809","product","type-product","status-publish","has-post-thumbnail","hentry","product-category-tilanjakajat"],"acf":[],"_links":{"self":[{"href":"https:\/\/intoconcept.com\/sv\/wp-json\/wp\/v2\/product\/18809","targetHints":{"allow":["GET"]}}],"collection":[{"href":"https:\/\/intoconcept.com\/sv\/wp-json\/wp\/v2\/product"}],"about":[{"href":"https:\/\/intoconcept.com\/sv\/wp-json\/wp\/v2\/types\/product"}],"wp:featuredmedia":[{"embeddable":true,"href":"https:\/\/intoconcept.com\/sv\/wp-json\/wp\/v2\/media\/29100"}],"wp:attachment":[{"href":"https:\/\/intoconcept.com\/sv\/wp-json\/wp\/v2\/media?parent=18809"}],"wp:term":[{"taxonomy":"product-category","embeddable":true,"href":"https:\/\/intoconcept.com\/sv\/wp-json\/wp\/v2\/product-category?post=18809"}],"curies":[{"name":"wp","href":"https:\/\/api.w.org\/{rel}","templated":true}]}}