{"id":19543,"date":"2025-02-06T12:35:23","date_gmt":"2025-02-06T10:35:23","guid":{"rendered":"https:\/\/intoconcept.com\/?post_type=product&#038;p=19543"},"modified":"2026-03-12T07:44:00","modified_gmt":"2026-03-12T07:44:00","slug":"vaning-vagg-lag","status":"publish","type":"product","link":"https:\/\/intoconcept.com\/sv\/produkt\/vaning-vagg-lag\/","title":{"rendered":"STORY WALL LOW"},"content":{"rendered":"<p><strong>STORY WALL LOW<\/strong> \u00e4r en flyttbar och kombinerbar akustisk rumsavdelare med m\u00e5nga anv\u00e4ndningsomr\u00e5den. Den l\u00e5ga h\u00f6jden g\u00f6r den barnv\u00e4nlig och ger vuxna obehindrad sikt.<\/p>\n<p>Pris:<strong> 1 405 \u20ac<\/strong> (Moms 0 %)<br \/>\nFrakt och installation ing\u00e5r inte i priset.<\/p>\n<p><iframe title=\"YouTube-videospelare\" src=\"https:\/\/www.youtube.com\/embed\/P70h5QGUZcI?si=W6bv-IOcYwKUIs9v\" width=\"560\" height=\"315\" frameborder=\"0\" allowfullscreen=\"allowfullscreen\"><\/iframe><\/p>","protected":false},"featured_media":26136,"parent":0,"template":"","meta":{"_acf_changed":false,"_improvement_type_select":"improve_an_existing","_thumb_yes_seoaic":false,"_frame_yes_seoaic":false,"seoaic_generate_description":"","seoaic_improve_instructions_prompt":"","seoaic_rollback_content_improvement":"","seoaic_idea_thumbnail_generator":"","thumbnail_generated":false,"thumbnail_generate_prompt":"","seoaic_article_description":""},"product-category":[23],"class_list":["post-19543","product","type-product","status-publish","has-post-thumbnail","hentry","product-category-tilanjakajat"],"acf":[],"_links":{"self":[{"href":"https:\/\/intoconcept.com\/sv\/wp-json\/wp\/v2\/product\/19543","targetHints":{"allow":["GET"]}}],"collection":[{"href":"https:\/\/intoconcept.com\/sv\/wp-json\/wp\/v2\/product"}],"about":[{"href":"https:\/\/intoconcept.com\/sv\/wp-json\/wp\/v2\/types\/product"}],"wp:featuredmedia":[{"embeddable":true,"href":"https:\/\/intoconcept.com\/sv\/wp-json\/wp\/v2\/media\/26136"}],"wp:attachment":[{"href":"https:\/\/intoconcept.com\/sv\/wp-json\/wp\/v2\/media?parent=19543"}],"wp:term":[{"taxonomy":"product-category","embeddable":true,"href":"https:\/\/intoconcept.com\/sv\/wp-json\/wp\/v2\/product-category?post=19543"}],"curies":[{"name":"wp","href":"https:\/\/api.w.org\/{rel}","templated":true}]}}