{"id":1982,"date":"2018-09-21T16:07:17","date_gmt":"2018-09-21T13:07:17","guid":{"rendered":"https:\/\/intoconcept.com\/?post_type=product&#038;p=1982"},"modified":"2026-04-13T08:44:17","modified_gmt":"2026-04-13T08:44:17","slug":"pod-telefon-liten-ljudisolerad-telefonkiosk","status":"publish","type":"product","link":"https:\/\/intoconcept.com\/sv\/produkt\/pod-telefon-liten-ljudisolerad-telefonkiosk\/","title":{"rendered":"POD PHONE SMALL ljudisolerad telefonkiosk"},"content":{"rendered":"<p><strong>POD PHONE SMALL<\/strong> <span data-teams=\"true\">\u00e4r en akustisk telefonkabin i klass A f\u00f6r en person, utformad f\u00f6r att f\u00f6rb\u00e4ttra integriteten och minska distraktioner i \u00f6ppna utrymmen.\u00a0<\/span><\/p>\n<p class=\"translation-block\">Pris: 6 420 \u20ac (moms 0 %)<br> Frakt och installation ing\u00e5r inte i priset.<\/p>\n<p>&nbsp;<\/p>\n<p><iframe title=\"YouTube-videospelare\" src=\"https:\/\/www.youtube.com\/embed\/Jy4w0tH5C1Q?si=NoPKa399DGLlYA_8\" width=\"560\" height=\"315\" frameborder=\"0\" allowfullscreen=\"allowfullscreen\"><\/iframe><\/p>","protected":false},"featured_media":29079,"parent":0,"template":"","meta":{"_acf_changed":false,"_improvement_type_select":"improve_an_existing","_thumb_yes_seoaic":false,"_frame_yes_seoaic":false,"seoaic_generate_description":"","seoaic_improve_instructions_prompt":"","seoaic_rollback_content_improvement":"","seoaic_idea_thumbnail_generator":"","thumbnail_generated":false,"thumbnail_generate_prompt":"","seoaic_article_description":""},"product-category":[15],"class_list":["post-1982","product","type-product","status-publish","has-post-thumbnail","hentry","product-category-pod-huoneet"],"acf":[],"_links":{"self":[{"href":"https:\/\/intoconcept.com\/sv\/wp-json\/wp\/v2\/product\/1982","targetHints":{"allow":["GET"]}}],"collection":[{"href":"https:\/\/intoconcept.com\/sv\/wp-json\/wp\/v2\/product"}],"about":[{"href":"https:\/\/intoconcept.com\/sv\/wp-json\/wp\/v2\/types\/product"}],"wp:featuredmedia":[{"embeddable":true,"href":"https:\/\/intoconcept.com\/sv\/wp-json\/wp\/v2\/media\/29079"}],"wp:attachment":[{"href":"https:\/\/intoconcept.com\/sv\/wp-json\/wp\/v2\/media?parent=1982"}],"wp:term":[{"taxonomy":"product-category","embeddable":true,"href":"https:\/\/intoconcept.com\/sv\/wp-json\/wp\/v2\/product-category?post=1982"}],"curies":[{"name":"wp","href":"https:\/\/api.w.org\/{rel}","templated":true}]}}