{"id":21170,"date":"2025-05-07T12:45:29","date_gmt":"2025-05-07T09:45:29","guid":{"rendered":"https:\/\/intoconcept.com\/?post_type=product&#038;p=21170"},"modified":"2026-04-13T11:56:28","modified_gmt":"2026-04-13T11:56:28","slug":"pod-roll-glas-litet-arbetsrum-for-tva","status":"publish","type":"product","link":"https:\/\/intoconcept.com\/sv\/produkt\/pod-roll-glas-litet-arbetsrum-for-tva\/","title":{"rendered":"POD ROLL GLASS SMALL arbetsplats f\u00f6r tv\u00e5 personer"},"content":{"rendered":"<p><span style=\"font-size: 1rem;\"><strong>POD ROLL GLAS SM\u00c5<\/strong> <span data-teams=\"true\">Ljudisolerad med akustik i klass A<\/span> arbetsyta f\u00f6r 1-2 personer f\u00f6r spontana m\u00f6ten och sj\u00e4lvst\u00e4ndigt arbete. Det \u00e4r en arbetsyta p\u00e5 hjul, vilket g\u00f6r att den enkelt kan flyttas och v\u00e4ndas n\u00e4r utrymmesbehoven f\u00f6r\u00e4ndras.\u00a0<\/span><\/p>\n<p>Pris: <strong>12 975<\/strong><strong>\u00a0\u20ac<\/strong>\u00a0-<strong> .<\/strong><strong>\u00a0<\/strong>(Moms 0 %)<br \/>\nFrakt och installation ing\u00e5r inte i priset.<\/p>","protected":false},"featured_media":29471,"parent":0,"template":"","meta":{"_acf_changed":false,"_improvement_type_select":"improve_an_existing","_thumb_yes_seoaic":false,"_frame_yes_seoaic":false,"seoaic_generate_description":"","seoaic_improve_instructions_prompt":"","seoaic_rollback_content_improvement":"","seoaic_idea_thumbnail_generator":"","thumbnail_generated":false,"thumbnail_generate_prompt":"","seoaic_article_description":""},"product-category":[15],"class_list":["post-21170","product","type-product","status-publish","has-post-thumbnail","hentry","product-category-pod-huoneet"],"acf":[],"_links":{"self":[{"href":"https:\/\/intoconcept.com\/sv\/wp-json\/wp\/v2\/product\/21170","targetHints":{"allow":["GET"]}}],"collection":[{"href":"https:\/\/intoconcept.com\/sv\/wp-json\/wp\/v2\/product"}],"about":[{"href":"https:\/\/intoconcept.com\/sv\/wp-json\/wp\/v2\/types\/product"}],"wp:featuredmedia":[{"embeddable":true,"href":"https:\/\/intoconcept.com\/sv\/wp-json\/wp\/v2\/media\/29471"}],"wp:attachment":[{"href":"https:\/\/intoconcept.com\/sv\/wp-json\/wp\/v2\/media?parent=21170"}],"wp:term":[{"taxonomy":"product-category","embeddable":true,"href":"https:\/\/intoconcept.com\/sv\/wp-json\/wp\/v2\/product-category?post=21170"}],"curies":[{"name":"wp","href":"https:\/\/api.w.org\/{rel}","templated":true}]}}