{"id":27971,"date":"2025-09-22T08:50:25","date_gmt":"2025-09-22T08:50:25","guid":{"rendered":"https:\/\/intoconcept.com\/?post_type=product&#038;p=27971"},"modified":"2026-03-12T07:40:55","modified_gmt":"2026-03-12T07:40:55","slug":"stuga","status":"publish","type":"product","link":"https:\/\/intoconcept.com\/sv\/produkt\/stuga\/","title":{"rendered":"HUT"},"content":{"rendered":"<p><strong>HUT<\/strong> -\u00e4r en modul\u00e4r utrymmesl\u00f6sning som ger sinnesfrid i \u00f6ppna utrymmen. <a href=\"https:\/\/intoconcept.com\/sv\/produkt\/hut_paneler\/\">V\u00e4ggpaneler<\/a> \u00f6kar den visuella integriteten, och den modul\u00e4ra designen g\u00f6r l\u00f6sningen l\u00e4tt att replikera och anpassa till olika milj\u00f6er.<\/p>\n<p>Pris: <strong>2 260 \u20ac<\/strong> (Moms 0 %)<br data-start=\"327\" data-end=\"330\" \/>Frakt och installation ing\u00e5r inte i priset.<\/p>","protected":false},"featured_media":27973,"parent":0,"template":"","meta":{"_acf_changed":false,"_improvement_type_select":"improve_an_existing","_thumb_yes_seoaic":false,"_frame_yes_seoaic":false,"seoaic_generate_description":"","seoaic_improve_instructions_prompt":"","seoaic_rollback_content_improvement":"","seoaic_idea_thumbnail_generator":"","thumbnail_generated":false,"thumbnail_generate_prompt":"","seoaic_article_description":""},"product-category":[23],"class_list":["post-27971","product","type-product","status-publish","has-post-thumbnail","hentry","product-category-tilanjakajat"],"acf":[],"_links":{"self":[{"href":"https:\/\/intoconcept.com\/sv\/wp-json\/wp\/v2\/product\/27971","targetHints":{"allow":["GET"]}}],"collection":[{"href":"https:\/\/intoconcept.com\/sv\/wp-json\/wp\/v2\/product"}],"about":[{"href":"https:\/\/intoconcept.com\/sv\/wp-json\/wp\/v2\/types\/product"}],"wp:featuredmedia":[{"embeddable":true,"href":"https:\/\/intoconcept.com\/sv\/wp-json\/wp\/v2\/media\/27973"}],"wp:attachment":[{"href":"https:\/\/intoconcept.com\/sv\/wp-json\/wp\/v2\/media?parent=27971"}],"wp:term":[{"taxonomy":"product-category","embeddable":true,"href":"https:\/\/intoconcept.com\/sv\/wp-json\/wp\/v2\/product-category?post=27971"}],"curies":[{"name":"wp","href":"https:\/\/api.w.org\/{rel}","templated":true}]}}