{"id":29877,"date":"2025-12-02T13:17:46","date_gmt":"2025-12-02T13:17:46","guid":{"rendered":"https:\/\/intoconcept.com\/?post_type=product&#038;p=29877"},"modified":"2026-03-12T07:31:36","modified_gmt":"2026-03-12T07:31:36","slug":"toppkurva-poyta","status":"publish","type":"product","link":"https:\/\/intoconcept.com\/sv\/produkt\/toppkurva-poyta\/","title":{"rendered":"TOP CURVE bord"},"content":{"rendered":"<p><strong>\u00d6VRE KURVA <\/strong>Det h\u00f6j- och s\u00e4nkbara bordet \u00e4r ett visuellt snyggt men robust bruks-, soff- och arbetsbord som m\u00f6jligg\u00f6r ergonomiskt och flexibelt arbete. Skrivborden finns med fasta eller h\u00f6j- och s\u00e4nkbara ben.<\/p>\n<p>L\u00e4s mer\u00a0<a href=\"https:\/\/intoconcept.com\/sv\/referenser\/\">till destinationen<\/a>, d\u00e4r bordet TOP CURVE anv\u00e4nds.<\/p>\n<p>&nbsp;<\/p>\n<p><iframe title=\"YouTube-videospelare\" src=\"https:\/\/www.youtube.com\/embed\/6CU-Gc5elpw?si=PzYWrinow_fRtuKH\" width=\"560\" height=\"315\" frameborder=\"0\" allowfullscreen=\"allowfullscreen\"><\/iframe><\/p>","protected":false},"featured_media":29881,"parent":0,"template":"","meta":{"_acf_changed":false,"_improvement_type_select":"improve_an_existing","_thumb_yes_seoaic":false,"_frame_yes_seoaic":false,"seoaic_generate_description":"","seoaic_improve_instructions_prompt":"","seoaic_rollback_content_improvement":"","seoaic_idea_thumbnail_generator":"","thumbnail_generated":false,"thumbnail_generate_prompt":"","seoaic_article_description":""},"product-category":[22],"class_list":["post-29877","product","type-product","status-publish","has-post-thumbnail","hentry","product-category-poydat-tyopisteet"],"acf":[],"_links":{"self":[{"href":"https:\/\/intoconcept.com\/sv\/wp-json\/wp\/v2\/product\/29877","targetHints":{"allow":["GET"]}}],"collection":[{"href":"https:\/\/intoconcept.com\/sv\/wp-json\/wp\/v2\/product"}],"about":[{"href":"https:\/\/intoconcept.com\/sv\/wp-json\/wp\/v2\/types\/product"}],"wp:featuredmedia":[{"embeddable":true,"href":"https:\/\/intoconcept.com\/sv\/wp-json\/wp\/v2\/media\/29881"}],"wp:attachment":[{"href":"https:\/\/intoconcept.com\/sv\/wp-json\/wp\/v2\/media?parent=29877"}],"wp:term":[{"taxonomy":"product-category","embeddable":true,"href":"https:\/\/intoconcept.com\/sv\/wp-json\/wp\/v2\/product-category?post=29877"}],"curies":[{"name":"wp","href":"https:\/\/api.w.org\/{rel}","templated":true}]}}