{"id":29883,"date":"2025-12-02T13:25:02","date_gmt":"2025-12-02T13:25:02","guid":{"rendered":"https:\/\/intoconcept.com\/?post_type=product&#038;p=29883"},"modified":"2026-03-12T07:30:20","modified_gmt":"2026-03-12T07:30:20","slug":"topp-poyta-2","status":"publish","type":"product","link":"https:\/\/intoconcept.com\/sv\/produkt\/topp-poyta-2\/","title":{"rendered":"TOP-tabell"},"content":{"rendered":"<p><strong>TOPP<\/strong>- Det h\u00f6j- och s\u00e4nkbara bordet \u00e4r ett visuellt elegant men robust hj\u00e4lp-, soff- och arbetsbord som m\u00f6jligg\u00f6r ergonomiskt och flexibelt arbete. Bordet finns med fast eller h\u00f6j- och s\u00e4nkbart ben.<\/p>\n<p>L\u00e4s mer\u00a0<a href=\"https:\/\/intoconcept.com\/sv\/referens\/vita-och-fallreferenser\/\">till destinationen<\/a>, d\u00e4r TOP-tabeller anv\u00e4nds.<\/p>\n<p>&nbsp;<\/p>\n<p><iframe title=\"YouTube-videospelare\" src=\"https:\/\/www.youtube.com\/embed\/6CU-Gc5elpw?si=PzYWrinow_fRtuKH\" width=\"560\" height=\"315\" frameborder=\"0\" allowfullscreen=\"allowfullscreen\"><\/iframe><\/p>","protected":false},"featured_media":30028,"parent":0,"template":"","meta":{"_acf_changed":false,"_improvement_type_select":"improve_an_existing","_thumb_yes_seoaic":false,"_frame_yes_seoaic":false,"seoaic_generate_description":"","seoaic_improve_instructions_prompt":"","seoaic_rollback_content_improvement":"","seoaic_idea_thumbnail_generator":"","thumbnail_generated":false,"thumbnail_generate_prompt":"","seoaic_article_description":""},"product-category":[22],"class_list":["post-29883","product","type-product","status-publish","has-post-thumbnail","hentry","product-category-poydat-tyopisteet"],"acf":[],"_links":{"self":[{"href":"https:\/\/intoconcept.com\/sv\/wp-json\/wp\/v2\/product\/29883","targetHints":{"allow":["GET"]}}],"collection":[{"href":"https:\/\/intoconcept.com\/sv\/wp-json\/wp\/v2\/product"}],"about":[{"href":"https:\/\/intoconcept.com\/sv\/wp-json\/wp\/v2\/types\/product"}],"wp:featuredmedia":[{"embeddable":true,"href":"https:\/\/intoconcept.com\/sv\/wp-json\/wp\/v2\/media\/30028"}],"wp:attachment":[{"href":"https:\/\/intoconcept.com\/sv\/wp-json\/wp\/v2\/media?parent=29883"}],"wp:term":[{"taxonomy":"product-category","embeddable":true,"href":"https:\/\/intoconcept.com\/sv\/wp-json\/wp\/v2\/product-category?post=29883"}],"curies":[{"name":"wp","href":"https:\/\/api.w.org\/{rel}","templated":true}]}}