{"id":29892,"date":"2025-12-02T13:42:07","date_gmt":"2025-12-02T13:42:07","guid":{"rendered":"https:\/\/intoconcept.com\/?post_type=product&#038;p=29892"},"modified":"2026-03-12T07:32:06","modified_gmt":"2026-03-12T07:32:06","slug":"topparbete-poyta","status":"publish","type":"product","link":"https:\/\/intoconcept.com\/sv\/produkt\/topparbete-poyta\/","title":{"rendered":"TOP WORK-bord"},"content":{"rendered":"<p><strong>TOP WORK -<\/strong>Det h\u00f6j- och s\u00e4nkbara skrivbordet \u00e4r ett visuellt snyggt men robust skrivbord som m\u00f6jligg\u00f6r ergonomiskt och flexibelt arbete. Skrivbordet har en h\u00f6jdjusterbar gasfot.<\/p>\n<p>Pris: <strong>710 \u20ac<\/strong> (Moms 0%)<br \/>\nFrakt ing\u00e5r ej<\/p>\n<p>&nbsp;<\/p>\n<p><iframe title=\"YouTube-videospelare\" src=\"https:\/\/www.youtube.com\/embed\/6CU-Gc5elpw?si=PzYWrinow_fRtuKH\" width=\"560\" height=\"315\" frameborder=\"0\" allowfullscreen=\"allowfullscreen\"><\/iframe><\/p>","protected":false},"featured_media":29894,"parent":0,"template":"","meta":{"_acf_changed":false,"_improvement_type_select":"improve_an_existing","_thumb_yes_seoaic":false,"_frame_yes_seoaic":false,"seoaic_generate_description":"","seoaic_improve_instructions_prompt":"","seoaic_rollback_content_improvement":"","seoaic_idea_thumbnail_generator":"","thumbnail_generated":false,"thumbnail_generate_prompt":"","seoaic_article_description":""},"product-category":[22],"class_list":["post-29892","product","type-product","status-publish","has-post-thumbnail","hentry","product-category-poydat-tyopisteet"],"acf":[],"_links":{"self":[{"href":"https:\/\/intoconcept.com\/sv\/wp-json\/wp\/v2\/product\/29892","targetHints":{"allow":["GET"]}}],"collection":[{"href":"https:\/\/intoconcept.com\/sv\/wp-json\/wp\/v2\/product"}],"about":[{"href":"https:\/\/intoconcept.com\/sv\/wp-json\/wp\/v2\/types\/product"}],"wp:featuredmedia":[{"embeddable":true,"href":"https:\/\/intoconcept.com\/sv\/wp-json\/wp\/v2\/media\/29894"}],"wp:attachment":[{"href":"https:\/\/intoconcept.com\/sv\/wp-json\/wp\/v2\/media?parent=29892"}],"wp:term":[{"taxonomy":"product-category","embeddable":true,"href":"https:\/\/intoconcept.com\/sv\/wp-json\/wp\/v2\/product-category?post=29892"}],"curies":[{"name":"wp","href":"https:\/\/api.w.org\/{rel}","templated":true}]}}