{"id":30050,"date":"2025-12-15T11:11:50","date_gmt":"2025-12-15T11:11:50","guid":{"rendered":"https:\/\/intoconcept.com\/?post_type=product&#038;p=30050"},"modified":"2026-03-12T07:16:35","modified_gmt":"2026-03-12T07:16:35","slug":"punkt-pall-soffor","status":"publish","type":"product","link":"https:\/\/intoconcept.com\/sv\/produkt\/punkt-pall-soffor\/","title":{"rendered":"POINT STOOL soffor"},"content":{"rendered":"<p><strong>POINT STOOL <\/strong>- ergonomiska soffor modul\u00e4ra flexibla m\u00f6bell\u00f6sningar f\u00f6r lobbyer, pausrum och m\u00f6tesrum. De \u00e4r tillverkade av slitstarka material och har en sitth\u00f6jd som fr\u00e4mjar en h\u00e4lsosam arbetsst\u00e4llning. Den modul\u00e4ra designen g\u00f6r att sofforna kan kombineras p\u00e5 m\u00e5nga olika s\u00e4tt. De \u00e4r ocks\u00e5 idealiska som v\u00e5rdm\u00f6bler.<\/p>\n<p>L\u00e4s mer\u00a0<a href=\"https:\/\/intoconcept.com\/sv\/referens\/telia-paakonttori\/\">till destinationen<\/a>, vilket inkluderar POINT STOOL soffor.<\/p>\n<p>Pris:<strong><br \/>\n<\/strong>POINT STOOL S <strong>370\u00a0\u20ac<\/strong>\u00a0(Moms 0%)<br \/>\nPOINT STOOL M <strong>375 \u20ac<\/strong>\u00a0(Moms 0%)<br \/>\nPOINT STOOL L <strong>440 \u20ac<\/strong>\u00a0(Moms 0%)<br \/>\nFrakt och installation ing\u00e5r inte i priset.<\/p>\n<p><iframe title=\"YouTube-videospelare\" src=\"https:\/\/www.youtube.com\/embed\/L-ODMHbOKuE?si=eMXXUOSnHpLE3N5S\" width=\"560\" height=\"315\" frameborder=\"0\" allowfullscreen=\"allowfullscreen\"><\/iframe><\/p>","protected":false},"featured_media":21891,"parent":0,"template":"","meta":{"_acf_changed":false,"_improvement_type_select":"improve_an_existing","_thumb_yes_seoaic":false,"_frame_yes_seoaic":false,"seoaic_generate_description":"","seoaic_improve_instructions_prompt":"","seoaic_rollback_content_improvement":"","seoaic_idea_thumbnail_generator":"","thumbnail_generated":false,"thumbnail_generate_prompt":"","seoaic_article_description":""},"product-category":[21],"class_list":["post-30050","product","type-product","status-publish","has-post-thumbnail","hentry","product-category-istuinkalusteet"],"acf":[],"_links":{"self":[{"href":"https:\/\/intoconcept.com\/sv\/wp-json\/wp\/v2\/product\/30050","targetHints":{"allow":["GET"]}}],"collection":[{"href":"https:\/\/intoconcept.com\/sv\/wp-json\/wp\/v2\/product"}],"about":[{"href":"https:\/\/intoconcept.com\/sv\/wp-json\/wp\/v2\/types\/product"}],"wp:featuredmedia":[{"embeddable":true,"href":"https:\/\/intoconcept.com\/sv\/wp-json\/wp\/v2\/media\/21891"}],"wp:attachment":[{"href":"https:\/\/intoconcept.com\/sv\/wp-json\/wp\/v2\/media?parent=30050"}],"wp:term":[{"taxonomy":"product-category","embeddable":true,"href":"https:\/\/intoconcept.com\/sv\/wp-json\/wp\/v2\/product-category?post=30050"}],"curies":[{"name":"wp","href":"https:\/\/api.w.org\/{rel}","templated":true}]}}