{"id":30051,"date":"2025-12-15T11:16:13","date_gmt":"2025-12-15T11:16:13","guid":{"rendered":"https:\/\/intoconcept.com\/?post_type=product&#038;p=30051"},"modified":"2026-03-12T07:13:33","modified_gmt":"2026-03-12T07:13:33","slug":"punktlaga-soffor","status":"publish","type":"product","link":"https:\/\/intoconcept.com\/sv\/produkt\/punktlaga-soffor\/","title":{"rendered":"POINT LOW soffor"},"content":{"rendered":"<p><strong>POINT LOW <\/strong>Ergonomiska soffor \u00e4r flexibla m\u00f6bell\u00f6sningar f\u00f6r lobbyer, pausrum och m\u00f6tesrum. De \u00e4r tillverkade av h\u00e5llbara material och deras sitth\u00f6jd fr\u00e4mjar en h\u00e4lsosam arbetsst\u00e4llning. Den modul\u00e4ra designen g\u00f6r att sofforna kan kombineras p\u00e5 m\u00e5nga olika s\u00e4tt. De \u00e4r ocks\u00e5 perfekta att anv\u00e4nda som v\u00e5rdm\u00f6bler.<\/p>\n<p>L\u00e4s mer\u00a0<a href=\"https:\/\/intoconcept.com\/sv\/referens\/orios-bageri-renovering\/\">till destinationen<\/a>, med POINT-soffor.<\/p>\n<p>Pris:<strong>\u00a0<\/strong><br \/>\nPOINT LOW S <strong>445 \u20ac<\/strong> (Moms 0%)<br \/>\nPOINT LOW M <strong>530 \u20ac<\/strong> (Moms 0%)<br \/>\nPOINT LOW L <strong>685\u00a0\u20ac<\/strong> (Moms 0%)<br \/>\nPUNKT H\u00d6RN L\u00c5G<strong> 670<\/strong>\u00a0<strong>\u20ac<\/strong> (Moms 0%)<br \/>\nPUNKTKURVA I L\u00c5G<strong> 820<\/strong>\u00a0<strong>\u20ac<\/strong> (Moms 0%)<br \/>\nPEKA UT KURVAN L\u00c5GT<strong> 820\u00a0\u20ac<\/strong> (Moms 0%)<br \/>\nPUNKT YTTRE H\u00d6RN L\u00c5GT V\u00c4NSTER<strong> 960<\/strong>\u00a0<strong>\u20ac<\/strong> (Moms 0%)<br \/>\nPUNKT YTTRE H\u00d6RN L\u00c5GT H\u00d6GER<strong> 960<\/strong>\u00a0<strong>\u20ac<\/strong> (Moms 0%)<br \/>\nFrakt och installation ing\u00e5r inte i priset.<\/p>\n<p><iframe title=\"YouTube-videospelare\" src=\"https:\/\/www.youtube.com\/embed\/L-ODMHbOKuE?si=eMXXUOSnHpLE3N5S\" width=\"560\" height=\"315\" frameborder=\"0\" allowfullscreen=\"allowfullscreen\"><\/iframe><\/p>","protected":false},"featured_media":21891,"parent":0,"template":"","meta":{"_acf_changed":false,"_improvement_type_select":"improve_an_existing","_thumb_yes_seoaic":false,"_frame_yes_seoaic":false,"seoaic_generate_description":"","seoaic_improve_instructions_prompt":"","seoaic_rollback_content_improvement":"","seoaic_idea_thumbnail_generator":"","thumbnail_generated":false,"thumbnail_generate_prompt":"","seoaic_article_description":""},"product-category":[21],"class_list":["post-30051","product","type-product","status-publish","has-post-thumbnail","hentry","product-category-istuinkalusteet"],"acf":[],"_links":{"self":[{"href":"https:\/\/intoconcept.com\/sv\/wp-json\/wp\/v2\/product\/30051","targetHints":{"allow":["GET"]}}],"collection":[{"href":"https:\/\/intoconcept.com\/sv\/wp-json\/wp\/v2\/product"}],"about":[{"href":"https:\/\/intoconcept.com\/sv\/wp-json\/wp\/v2\/types\/product"}],"wp:featuredmedia":[{"embeddable":true,"href":"https:\/\/intoconcept.com\/sv\/wp-json\/wp\/v2\/media\/21891"}],"wp:attachment":[{"href":"https:\/\/intoconcept.com\/sv\/wp-json\/wp\/v2\/media?parent=30051"}],"wp:term":[{"taxonomy":"product-category","embeddable":true,"href":"https:\/\/intoconcept.com\/sv\/wp-json\/wp\/v2\/product-category?post=30051"}],"curies":[{"name":"wp","href":"https:\/\/api.w.org\/{rel}","templated":true}]}}