{"id":30052,"date":"2025-12-15T11:25:29","date_gmt":"2025-12-15T11:25:29","guid":{"rendered":"https:\/\/intoconcept.com\/?post_type=product&#038;p=30052"},"modified":"2026-03-12T07:15:59","modified_gmt":"2026-03-12T07:15:59","slug":"punkthoga-soffor","status":"publish","type":"product","link":"https:\/\/intoconcept.com\/sv\/produkt\/punkthoga-soffor\/","title":{"rendered":"POINT HIGH soffor"},"content":{"rendered":"<p><strong>POINT HIGH <\/strong>Ergonomiska soffor \u00e4r flexibla m\u00f6bell\u00f6sningar f\u00f6r lobbyer, pausrum och m\u00f6tesrum. De \u00e4r tillverkade av h\u00e5llbara material och deras sitth\u00f6jd fr\u00e4mjar en h\u00e4lsosam arbetsst\u00e4llning. Den modul\u00e4ra designen g\u00f6r att sofforna kan kombineras p\u00e5 m\u00e5nga olika s\u00e4tt. De \u00e4r ocks\u00e5 perfekta att anv\u00e4nda som v\u00e5rdm\u00f6bler.<\/p>\n<p>L\u00e4s mer\u00a0<a href=\"https:\/\/intoconcept.com\/sv\/referens\/biljett-fi-multifunktionellt-kontor\/\">till destinationen<\/a>, som inkluderar POINT HIGH soffor.<\/p>\n<p>Pris:<strong>\u00a0<\/strong><br \/>\nPOINT HIGH S <strong>550 \u20ac<\/strong> (Moms 0%)<br \/>\nPOINT HIGH M <strong>705 \u20ac<\/strong> (Moms 0%)<br \/>\nPOINT HIGH L <strong>870 \u20ac<\/strong> (Moms 0%)<br \/>\nPUNKT H\u00d6RN H\u00d6G<strong> 885<\/strong>\u00a0<strong>\u20ac<\/strong> (Moms 0%)<br \/>\nPUNKTKURVA I H\u00d6G<strong> 1000<\/strong>\u00a0<strong>\u20ac<\/strong> (Moms 0%)<br \/>\nPUNKT KURVA UT H\u00d6G<strong> 1000 \u20ac<\/strong> (Moms 0%)<br \/>\nPUNKT YTTRE H\u00d6RN H\u00d6GT V\u00c4NSTER<strong> 1180<\/strong>\u00a0<strong>\u20ac<\/strong> (Moms 0%)<br \/>\nPUNKT YTTRE H\u00d6RN H\u00d6G H\u00d6GER<strong> 1180<\/strong>\u00a0<strong>\u20ac<\/strong> (Moms 0%)<br \/>\nFrakt och installation ing\u00e5r inte i priset.<\/p>\n<p><iframe title=\"YouTube-videospelare\" src=\"https:\/\/www.youtube.com\/embed\/L-ODMHbOKuE?si=eMXXUOSnHpLE3N5S\" width=\"560\" height=\"315\" frameborder=\"0\" allowfullscreen=\"allowfullscreen\"><\/iframe><\/p>","protected":false},"featured_media":30055,"parent":0,"template":"","meta":{"_acf_changed":false,"_improvement_type_select":"improve_an_existing","_thumb_yes_seoaic":false,"_frame_yes_seoaic":false,"seoaic_generate_description":"","seoaic_improve_instructions_prompt":"","seoaic_rollback_content_improvement":"","seoaic_idea_thumbnail_generator":"","thumbnail_generated":false,"thumbnail_generate_prompt":"","seoaic_article_description":""},"product-category":[21],"class_list":["post-30052","product","type-product","status-publish","has-post-thumbnail","hentry","product-category-istuinkalusteet"],"acf":[],"_links":{"self":[{"href":"https:\/\/intoconcept.com\/sv\/wp-json\/wp\/v2\/product\/30052","targetHints":{"allow":["GET"]}}],"collection":[{"href":"https:\/\/intoconcept.com\/sv\/wp-json\/wp\/v2\/product"}],"about":[{"href":"https:\/\/intoconcept.com\/sv\/wp-json\/wp\/v2\/types\/product"}],"wp:featuredmedia":[{"embeddable":true,"href":"https:\/\/intoconcept.com\/sv\/wp-json\/wp\/v2\/media\/30055"}],"wp:attachment":[{"href":"https:\/\/intoconcept.com\/sv\/wp-json\/wp\/v2\/media?parent=30052"}],"wp:term":[{"taxonomy":"product-category","embeddable":true,"href":"https:\/\/intoconcept.com\/sv\/wp-json\/wp\/v2\/product-category?post=30052"}],"curies":[{"name":"wp","href":"https:\/\/api.w.org\/{rel}","templated":true}]}}